{"id":315,"date":"2014-10-06T22:30:00","date_gmt":"2014-10-06T21:30:00","guid":{"rendered":"http:\/\/www.annevoyance.com\/voyance-par-telephone\/?page_id=315"},"modified":"2016-10-10T14:12:25","modified_gmt":"2016-10-10T13:12:25","slug":"tirage-des-cartes","status":"publish","type":"page","link":"http:\/\/www.annevoyance.com\/voyance-par-telephone\/tirage-des-cartes\/","title":{"rendered":"Tirage des Cartes"},"content":{"rendered":"<hr style=\"margin: -35px auto 25px;\" width=\"48%\"\/>\nLe tirage des cartes est une \u00e9tape incontournable permettant \u00e0 Anne\u00a0<strong>d&#8217;\u00e9veiller son Don<\/strong> et d&#8217;effectuer ses voyances dans les conditions les plus optimales. Professionnelle depuis 1995, son jeu le plus fid\u00e8le reste \u00e0 ce jour\u00a0<strong>l&#8217;oracle de Belline:<\/strong><\/p>\n<figure id=\"attachment_319\" aria-describedby=\"caption-attachment-319\" style=\"width: 913px\" class=\"wp-caption aligncenter\"><img loading=\"lazy\" decoding=\"async\" class=\"wp-image-319 size-full\" src=\"http:\/\/www.annevoyance.com\/voyance-par-telephone\/wp-content\/uploads\/2014\/09\/Tirage-des-cartes-Belline.jpg\" alt=\"Tirage des cartes Belline\" width=\"913\" height=\"768\" srcset=\"http:\/\/www.annevoyance.com\/voyance-par-telephone\/wp-content\/uploads\/2014\/09\/Tirage-des-cartes-Belline.jpg 913w, http:\/\/www.annevoyance.com\/voyance-par-telephone\/wp-content\/uploads\/2014\/09\/Tirage-des-cartes-Belline-300x252.jpg 300w\" sizes=\"auto, (max-width: 913px) 100vw, 913px\" \/><figcaption id=\"caption-attachment-319\" class=\"wp-caption-text\">Tirage des cartes avec l&#8217;oracle de Belline<\/figcaption><\/figure>\n<p>Par ailleurs, Anne utilise d&#8217;autres supports tels que le Le jeu de <strong>Mademoiselle Lenormand<\/strong> ou encore celui du\u00a0<strong>Manuscrit<\/strong>.<\/p>\n<figure id=\"attachment_320\" aria-describedby=\"caption-attachment-320\" style=\"width: 502px\" class=\"wp-caption aligncenter\"><img loading=\"lazy\" decoding=\"async\" class=\"wp-image-320 size-full\" src=\"http:\/\/www.annevoyance.com\/voyance-par-telephone\/wp-content\/uploads\/2014\/09\/Tirage-des-cartes-Tarot.jpg\" alt=\"Tirage des cartes Tarot\" width=\"502\" height=\"682\" srcset=\"http:\/\/www.annevoyance.com\/voyance-par-telephone\/wp-content\/uploads\/2014\/09\/Tirage-des-cartes-Tarot.jpg 502w, http:\/\/www.annevoyance.com\/voyance-par-telephone\/wp-content\/uploads\/2014\/09\/Tirage-des-cartes-Tarot-220x300.jpg 220w\" sizes=\"auto, (max-width: 502px) 100vw, 502px\" \/><figcaption id=\"caption-attachment-320\" class=\"wp-caption-text\">Tirage des cartes avec le jeu de Mademoiselle Lenormand<\/figcaption><\/figure>\n<div style=\"display:block;text-align:center;\">\n<iframe style=\"width:120px;height:240px;\" marginwidth=\"0\" marginheight=\"0\" scrolling=\"no\" frameborder=\"0\" src=\"\/\/ws-eu.amazon-adsystem.com\/widgets\/q?ServiceVersion=20070822&#038;OneJS=1&#038;Operation=GetAdHtml&#038;MarketPlace=FR&#038;source=ss&#038;ref=ss_til&#038;ad_type=product_link&#038;tracking_id=annevoyance-21&#038;marketplace=amazon&#038;region=FR&#038;placement=2841970388&#038;asins=2841970388&#038;linkId=KBQMEP65CWKQJOXD&#038;show_border=true&#038;link_opens_in_new_window=true\"><br \/>\n<\/iframe>\n<\/div>\n<h2>Histoire du Tirage des Cartes<\/h2>\n<p>Le tirage des cartes ( \u00e9galement appel\u00e9 <strong>cartomancie<\/strong> ) est un art divinatoire utilisant un jeu de cartes, tarot ou oracle dans le but de pr\u00e9dire l&#8217;avenir d&#8217;une personne.<\/p>\n<p>D\u00e9couvert \u00e0 partir du\u00a0XV\u00e8me si\u00e8cle en Espagne et XVI\u00e8me si\u00e8cle en Italie, la cartomancie\u00a0se d\u00e9veloppe <strong>\u00e9norm\u00e9ment en France \u00e0 partir des ann\u00e9es 1750<\/strong> gr\u00e2ce \u00e0 Jean-Baptiste Alliette ( surnom\u00e9 Etteilla ) qui cr\u00e9a la cartonomancie ( tirage avec un\u00a0jeu de 32 cartes intitul\u00e9\u00a0<i>Le petit Etteilla.)\u00a0<\/i>ainsi qu&#8217;avec\u00a0<strong>Antoine Court de G\u00e9belin <\/strong>n\u00e9 en f\u00e9vrier 1719.<\/p>\n<p><img loading=\"lazy\" decoding=\"async\" class=\"aligncenter size-full wp-image-366\" src=\"http:\/\/www.annevoyance.com\/voyance-par-telephone\/wp-content\/uploads\/2014\/09\/tirage-des-cartes-Etteilla.jpg\" alt=\"tirage-des-cartes-Etteilla\" width=\"621\" height=\"540\" srcset=\"http:\/\/www.annevoyance.com\/voyance-par-telephone\/wp-content\/uploads\/2014\/09\/tirage-des-cartes-Etteilla.jpg 621w, http:\/\/www.annevoyance.com\/voyance-par-telephone\/wp-content\/uploads\/2014\/09\/tirage-des-cartes-Etteilla-300x260.jpg 300w\" sizes=\"auto, (max-width: 621px) 100vw, 621px\" \/><\/p>\n<p>Court de G\u00e9belin est principalement reconnue pour avoir utilis\u00e9 le Tarot de Marseille dans\u00a0des pratiques divinatoires.<\/p>\n<p>Concernant\u00a0<a title=\"Marie Anne Lenormand\" href=\"http:\/\/fr.wikipedia.org\/wiki\/Marie-Anne_Lenormand\" target=\"_blank\"><strong>Marie-Anne Lenormand<\/strong><\/a> ( surnomm\u00e9e\u00ab\u00a0la sibylle du faubourg Saint-Germain\u00a0\u00bb ) il faut savoir qu&#8217;elle fut consult\u00e9e par de nombreux personnages politiques de son \u00e9poque, y compris <strong>Napol\u00e9on<\/strong> ( elle aurait d&#8217;ailleurs pr\u00e9dit sa chute en 1808 ) ou encore <strong>Louis XVIII<\/strong>.<\/p>\n<p><img loading=\"lazy\" decoding=\"async\" class=\"aligncenter wp-image-363\" src=\"http:\/\/www.annevoyance.com\/voyance-par-telephone\/wp-content\/uploads\/2014\/09\/tirage-des-cartes-Lenormand.jpg\" alt=\"tirage-des-cartes-Lenormand\" width=\"400\" height=\"525\" srcset=\"http:\/\/www.annevoyance.com\/voyance-par-telephone\/wp-content\/uploads\/2014\/09\/tirage-des-cartes-Lenormand.jpg 700w, http:\/\/www.annevoyance.com\/voyance-par-telephone\/wp-content\/uploads\/2014\/09\/tirage-des-cartes-Lenormand-228x300.jpg 228w\" sizes=\"auto, (max-width: 400px) 100vw, 400px\" \/><\/p>\n<p>Mademoiselle Lenormand utilisait des jeux de cartes fran\u00e7ais traditionnels auxquels elle ajoutait parfois des annotations.<\/p>\n<p>Apr\u00e8s sa mort en 1843 ( \u00e0 l&#8217;\u00e2ge de 71 ans ), de nombreux jeux de cartes illustr\u00e9s furent publi\u00e9s sous diverses appellations comme \u00a0\u00ab\u00a0Jeu de Mademoiselle Lenormand\u00a0\u00bb, \u00ab\u00a0Grand Lenormand\u00a0\u00bb ou encore \u00ab\u00a0le Petit Lenormand\u00a0\u00bb.<\/p>\n<h2>Le tirage des cartes de nos jours.<\/h2>\n<p>A notre \u00e9poque, le tirage des cartes est encore tr\u00e8s pratiqu\u00e9 et les accessoires sont rest\u00e9s identiques \u00e0 ceux du XVIII si\u00e8cle.<\/p>\n<p>En plus des tarots et jeux de cartes traditionnelles, d&#8217;autres supports ont fait leur apparition comme les boules de cristal ou encore les pendules.<\/p>\n<figure id=\"attachment_377\" aria-describedby=\"caption-attachment-377\" style=\"width: 700px\" class=\"wp-caption aligncenter\"><img loading=\"lazy\" decoding=\"async\" class=\"size-full wp-image-377\" src=\"http:\/\/www.annevoyance.com\/voyance-par-telephone\/wp-content\/uploads\/2014\/09\/tirage-des-cartes-boule_de_crista-pendulel.jpg\" alt=\"tirage-des-cartes-boule_de_crista-+-pendulel\" width=\"700\" height=\"228\" srcset=\"http:\/\/www.annevoyance.com\/voyance-par-telephone\/wp-content\/uploads\/2014\/09\/tirage-des-cartes-boule_de_crista-pendulel.jpg 700w, http:\/\/www.annevoyance.com\/voyance-par-telephone\/wp-content\/uploads\/2014\/09\/tirage-des-cartes-boule_de_crista-pendulel-300x97.jpg 300w\" sizes=\"auto, (max-width: 700px) 100vw, 700px\" \/><figcaption id=\"caption-attachment-377\" class=\"wp-caption-text\">Pendule et boule de cristal<\/figcaption><\/figure>\n<p>Bien qu&#8217;elle les ai essay\u00e9 \u00e0 plusieurs reprises, Anne ne travaille pas avec ces supports pour la simple et bonne raison qu&#8217;elle ne les ressent pas.<\/p>\n<p>A vrai dire, Anne n&#8217;a en fait besoin d&#8217;aucun support dans la majeure parti du temps car elle est avant tout une <strong>Medium Pure:<\/strong>\u00a0Elle per\u00e7oit des Flashs souvent impr\u00e9visibles.<\/p>\n<p>D&#8217;ailleurs, <strong>regardez la vid\u00e9o ci-dessous<\/strong> d&#8217;une cliente qui t\u00e9moigne d&#8217;un <strong>Flash impressionnant<\/strong> qu&#8217;Anne a eu avec elle:<\/p>\n<p><iframe loading=\"lazy\" src=\"\/\/www.youtube.com\/embed\/KGZidgdlQbA?rel=0\" width=\"600\" height=\"338\" frameborder=\"0\" allowfullscreen=\"allowfullscreen\"><\/iframe><\/p>\n<p>De nombreux autres t\u00e9moignages sont \u00e9galement disponibles, <strong><a title=\"t\u00e9moignages Anne Voyance\" href=\"http:\/\/www.annevoyance.com\/voyance-par-telephone\/avis-anne-voyance-video\/\">ils vous suffit de cliquer ici <\/a><\/strong>pour les visionner.<\/p>\n<h2>Comment Anne Voyance effectue un Tirage des Cartes ?<\/h2>\n<p>Un tirage des cartes r\u00e9alis\u00e9 par Anne Voyance suit quelques \u00e9tapes tr\u00e8s simples mais essentielles:<\/p>\n<ul>\n<li><strong>Le choix du jeu:<\/strong><\/li>\n<\/ul>\n<p>Anne choisi son jeu par pur instinct, mais dans la majeure partie des cas, elle opte pour l&#8217;oracle de Belline.<\/p>\n<p>Il lui arrive fr\u00e9quemment d&#8217;utiliser 2 jeux lors d&#8217;un m\u00eame tirage, chose que peu de voyants font. Anne travaille sans r\u00e8gle et suit son intuition, d&#8217;ou la puissance de son <strong>Don de Voyance.<\/strong><\/p>\n<ul>\n<li><strong>Le m\u00e9lange:<\/strong><\/li>\n<\/ul>\n<p>Une fois l&#8217;oracle \/ Tarot choisi, Anne m\u00e9lange scrupuleusement chaque jeu ( m\u00e9thode du m\u00e9lange fran\u00e7ais ) et va vous demander d&#8217;effectuer une coupe de la main gauche tout en observant la carte venant d&#8217;\u00eatre coup\u00e9e.<\/p>\n<p><img loading=\"lazy\" decoding=\"async\" class=\"aligncenter size-full wp-image-418\" style=\"border-radius: 10px;\" src=\"http:\/\/www.annevoyance.com\/voyance-par-telephone\/wp-content\/uploads\/2014\/10\/tirage-des-cartes-melange.jpg\" alt=\"tirage-des-cartes-melange\" width=\"800\" height=\"485\" srcset=\"http:\/\/www.annevoyance.com\/voyance-par-telephone\/wp-content\/uploads\/2014\/10\/tirage-des-cartes-melange.jpg 800w, http:\/\/www.annevoyance.com\/voyance-par-telephone\/wp-content\/uploads\/2014\/10\/tirage-des-cartes-melange-300x181.jpg 300w\" sizes=\"auto, (max-width: 800px) 100vw, 800px\" \/><\/p>\n<ul>\n<li><strong>\u00c9pelez votre pr\u00e9nom:<\/strong><\/li>\n<\/ul>\n<p>Ensuite Anne va vous demander le nombre de lettres constituant votre pr\u00e9nom et d&#8217;y disposer sur son tapis le nombre de cartes ad\u00e9quates ( face cach\u00e9 ).<\/p>\n<p>A partir de ce moment, Anne retourne les cartes et la <strong>magie de sa voyance<\/strong> peut commencer&#8230;<\/p>\n<ul>\n<li><strong>Recouvrez:<\/strong><\/li>\n<\/ul>\n<p>Apr\u00e8s ce premier tirage sur les lettres constituant votre pr\u00e9nom, Anne vous demandera de les recouvrir par de nouvelles cartes, toujours face cach\u00e9.<\/p>\n<p>La voyance sera ensuite constituer de la m\u00eame \u00e9tape, en recouvrant \u00e0 chaque fois une rang\u00e9e de cartes.<\/p>\n<p>A Noter: Lors d&#8217;une consultation de voyance par t\u00e9l\u00e9phone, \u00a0Anne ex\u00e9cute les m\u00eames \u00e9tapes et \u00e9tale\/choisit les cartes \u00e0 votre place, sans pour autant alt\u00e9rer la qualit\u00e9 de sa voyance.<\/p>\n<p><a href=\"http:\/\/www.annevoyance.com\/voyance-par-telephone\/tarifs\/\"><img loading=\"lazy\" decoding=\"async\" class=\"imganne\" style=\"border: 4px solid #FFA95A;\" src=\"http:\/\/www.annevoyance.com\/voyance-par-telephone\/wp-content\/uploads\/2014\/09\/Consulter-Anne-Voyance.gif\" alt=\"Consulter-Anne-Voyance\" width=\"600\" height=\"347\" \/><\/a><\/p>\n<div style=\"font-size: 10px; margin-bottom: 20px;\"><a title=\"Annuaire Voyantes en ligne\" href=\"http:\/\/www.annuairevoyance.net\" target=\"_blank\">Annuaire Voyantes en ligne<\/a><\/div>\n","protected":false},"excerpt":{"rendered":"<p>Le tirage des cartes est une \u00e9tape incontournable permettant \u00e0 Anne\u00a0d&#8217;\u00e9veiller son Don et d&#8217;effectuer ses voyances dans les conditions les plus optimales. Professionnelle depuis 1995, son jeu le plus fid\u00e8le reste \u00e0 ce jour\u00a0l&#8217;oracle de Belline: Par ailleurs, Anne utilise d&#8217;autres supports tels que le Le jeu de Mademoiselle Lenormand ou encore celui du\u00a0Manuscrit. &hellip; <a href=\"http:\/\/www.annevoyance.com\/voyance-par-telephone\/tirage-des-cartes\/\" class=\"more-link\">Continuer la lecture de <span class=\"screen-reader-text\">Tirage des Cartes<\/span> <span class=\"meta-nav\">&rarr;<\/span><\/a><\/p>\n","protected":false},"author":1,"featured_media":0,"parent":0,"menu_order":36,"comment_status":"closed","ping_status":"closed","template":"","meta":{"_exactmetrics_skip_tracking":false,"_exactmetrics_sitenote_active":false,"_exactmetrics_sitenote_note":"","_exactmetrics_sitenote_category":0,"footnotes":""},"class_list":["post-315","page","type-page","status-publish","hentry"],"yoast_head":"<!-- This site is optimized with the Yoast SEO plugin v27.3 - https:\/\/yoast.com\/product\/yoast-seo-wordpress\/ -->\n<title>Tirage des Cartes totalement bluffant avec Anne Voyance<\/title>\n<meta name=\"description\" content=\"Effectuez un Tirage des cartes avec Anne Voyance, la seule voyante not\u00e9e 5* sur Google. Consultations 100% s\u00e9rieuses et professionnelles par t\u00e9l\u00e9phone.\" \/>\n<meta name=\"robots\" content=\"index, follow, max-snippet:-1, max-image-preview:large, max-video-preview:-1\" \/>\n<link rel=\"canonical\" href=\"http:\/\/www.annevoyance.com\/voyance-par-telephone\/tirage-des-cartes\/\" \/>\n<meta property=\"og:locale\" content=\"fr_FR\" \/>\n<meta property=\"og:type\" content=\"article\" \/>\n<meta property=\"og:title\" content=\"Tirage des Cartes totalement bluffant avec Anne Voyance\" \/>\n<meta property=\"og:description\" content=\"Effectuez un Tirage des cartes avec Anne Voyance, la seule voyante not\u00e9e 5* sur Google. Consultations 100% s\u00e9rieuses et professionnelles par t\u00e9l\u00e9phone.\" \/>\n<meta property=\"og:url\" content=\"http:\/\/www.annevoyance.com\/voyance-par-telephone\/tirage-des-cartes\/\" \/>\n<meta property=\"og:site_name\" content=\"Voyance par T\u00e9l\u00e9phone \u00c9poustouflante - Anne Voyance Officiel\" \/>\n<meta property=\"article:publisher\" content=\"https:\/\/www.facebook.com\/AnneVoyante\" \/>\n<meta property=\"article:modified_time\" content=\"2016-10-10T13:12:25+00:00\" \/>\n<meta property=\"og:image\" content=\"http:\/\/www.annevoyance.com\/voyance-par-telephone\/wp-content\/uploads\/2014\/09\/Tirage-des-cartes-Belline.jpg\" \/>\n<meta name=\"twitter:label1\" content=\"Dur\u00e9e de lecture estim\u00e9e\" \/>\n\t<meta name=\"twitter:data1\" content=\"4 minutes\" \/>\n<script type=\"application\/ld+json\" class=\"yoast-schema-graph\">{\"@context\":\"https:\\\/\\\/schema.org\",\"@graph\":[{\"@type\":\"WebPage\",\"@id\":\"http:\\\/\\\/www.annevoyance.com\\\/voyance-par-telephone\\\/tirage-des-cartes\\\/\",\"url\":\"http:\\\/\\\/www.annevoyance.com\\\/voyance-par-telephone\\\/tirage-des-cartes\\\/\",\"name\":\"Tirage des Cartes totalement bluffant avec Anne Voyance\",\"isPartOf\":{\"@id\":\"http:\\\/\\\/www.annevoyance.com\\\/voyance-par-telephone\\\/#website\"},\"primaryImageOfPage\":{\"@id\":\"http:\\\/\\\/www.annevoyance.com\\\/voyance-par-telephone\\\/tirage-des-cartes\\\/#primaryimage\"},\"image\":{\"@id\":\"http:\\\/\\\/www.annevoyance.com\\\/voyance-par-telephone\\\/tirage-des-cartes\\\/#primaryimage\"},\"thumbnailUrl\":\"http:\\\/\\\/www.annevoyance.com\\\/voyance-par-telephone\\\/wp-content\\\/uploads\\\/2014\\\/09\\\/Tirage-des-cartes-Belline.jpg\",\"datePublished\":\"2014-10-06T21:30:00+00:00\",\"dateModified\":\"2016-10-10T13:12:25+00:00\",\"description\":\"Effectuez un Tirage des cartes avec Anne Voyance, la seule voyante not\u00e9e 5* sur Google. Consultations 100% s\u00e9rieuses et professionnelles par t\u00e9l\u00e9phone.\",\"breadcrumb\":{\"@id\":\"http:\\\/\\\/www.annevoyance.com\\\/voyance-par-telephone\\\/tirage-des-cartes\\\/#breadcrumb\"},\"inLanguage\":\"fr-FR\",\"potentialAction\":[{\"@type\":\"ReadAction\",\"target\":[\"http:\\\/\\\/www.annevoyance.com\\\/voyance-par-telephone\\\/tirage-des-cartes\\\/\"]}]},{\"@type\":\"ImageObject\",\"inLanguage\":\"fr-FR\",\"@id\":\"http:\\\/\\\/www.annevoyance.com\\\/voyance-par-telephone\\\/tirage-des-cartes\\\/#primaryimage\",\"url\":\"http:\\\/\\\/www.annevoyance.com\\\/voyance-par-telephone\\\/wp-content\\\/uploads\\\/2014\\\/09\\\/Tirage-des-cartes-Belline.jpg\",\"contentUrl\":\"http:\\\/\\\/www.annevoyance.com\\\/voyance-par-telephone\\\/wp-content\\\/uploads\\\/2014\\\/09\\\/Tirage-des-cartes-Belline.jpg\",\"width\":913,\"height\":768,\"caption\":\"Tirage des cartes Belline\"},{\"@type\":\"BreadcrumbList\",\"@id\":\"http:\\\/\\\/www.annevoyance.com\\\/voyance-par-telephone\\\/tirage-des-cartes\\\/#breadcrumb\",\"itemListElement\":[{\"@type\":\"ListItem\",\"position\":1,\"name\":\"Accueil\",\"item\":\"http:\\\/\\\/www.annevoyance.com\\\/voyance-par-telephone\\\/\"},{\"@type\":\"ListItem\",\"position\":2,\"name\":\"Tirage des Cartes\"}]},{\"@type\":\"WebSite\",\"@id\":\"http:\\\/\\\/www.annevoyance.com\\\/voyance-par-telephone\\\/#website\",\"url\":\"http:\\\/\\\/www.annevoyance.com\\\/voyance-par-telephone\\\/\",\"name\":\"Voyance par T\u00e9l\u00e9phone \u00c9poustouflante - Anne Voyance Officiel\",\"description\":\"T\u00e9moignages de clients en vid\u00e9os bluffants, avis Facebook authentiques, Consultez Anne Voyance par t\u00e9l\u00e9phone, elle vous d\u00e9voilera R\u00c9ELLEMENT votre avenir.\",\"potentialAction\":[{\"@type\":\"SearchAction\",\"target\":{\"@type\":\"EntryPoint\",\"urlTemplate\":\"http:\\\/\\\/www.annevoyance.com\\\/voyance-par-telephone\\\/?s={search_term_string}\"},\"query-input\":{\"@type\":\"PropertyValueSpecification\",\"valueRequired\":true,\"valueName\":\"search_term_string\"}}],\"inLanguage\":\"fr-FR\"}]}<\/script>\n<!-- \/ Yoast SEO plugin. -->","yoast_head_json":{"title":"Tirage des Cartes totalement bluffant avec Anne Voyance","description":"Effectuez un Tirage des cartes avec Anne Voyance, la seule voyante not\u00e9e 5* sur Google. Consultations 100% s\u00e9rieuses et professionnelles par t\u00e9l\u00e9phone.","robots":{"index":"index","follow":"follow","max-snippet":"max-snippet:-1","max-image-preview":"max-image-preview:large","max-video-preview":"max-video-preview:-1"},"canonical":"http:\/\/www.annevoyance.com\/voyance-par-telephone\/tirage-des-cartes\/","og_locale":"fr_FR","og_type":"article","og_title":"Tirage des Cartes totalement bluffant avec Anne Voyance","og_description":"Effectuez un Tirage des cartes avec Anne Voyance, la seule voyante not\u00e9e 5* sur Google. Consultations 100% s\u00e9rieuses et professionnelles par t\u00e9l\u00e9phone.","og_url":"http:\/\/www.annevoyance.com\/voyance-par-telephone\/tirage-des-cartes\/","og_site_name":"Voyance par T\u00e9l\u00e9phone \u00c9poustouflante - Anne Voyance Officiel","article_publisher":"https:\/\/www.facebook.com\/AnneVoyante","article_modified_time":"2016-10-10T13:12:25+00:00","og_image":[{"url":"http:\/\/www.annevoyance.com\/voyance-par-telephone\/wp-content\/uploads\/2014\/09\/Tirage-des-cartes-Belline.jpg","type":"","width":"","height":""}],"twitter_misc":{"Dur\u00e9e de lecture estim\u00e9e":"4 minutes"},"schema":{"@context":"https:\/\/schema.org","@graph":[{"@type":"WebPage","@id":"http:\/\/www.annevoyance.com\/voyance-par-telephone\/tirage-des-cartes\/","url":"http:\/\/www.annevoyance.com\/voyance-par-telephone\/tirage-des-cartes\/","name":"Tirage des Cartes totalement bluffant avec Anne Voyance","isPartOf":{"@id":"http:\/\/www.annevoyance.com\/voyance-par-telephone\/#website"},"primaryImageOfPage":{"@id":"http:\/\/www.annevoyance.com\/voyance-par-telephone\/tirage-des-cartes\/#primaryimage"},"image":{"@id":"http:\/\/www.annevoyance.com\/voyance-par-telephone\/tirage-des-cartes\/#primaryimage"},"thumbnailUrl":"http:\/\/www.annevoyance.com\/voyance-par-telephone\/wp-content\/uploads\/2014\/09\/Tirage-des-cartes-Belline.jpg","datePublished":"2014-10-06T21:30:00+00:00","dateModified":"2016-10-10T13:12:25+00:00","description":"Effectuez un Tirage des cartes avec Anne Voyance, la seule voyante not\u00e9e 5* sur Google. Consultations 100% s\u00e9rieuses et professionnelles par t\u00e9l\u00e9phone.","breadcrumb":{"@id":"http:\/\/www.annevoyance.com\/voyance-par-telephone\/tirage-des-cartes\/#breadcrumb"},"inLanguage":"fr-FR","potentialAction":[{"@type":"ReadAction","target":["http:\/\/www.annevoyance.com\/voyance-par-telephone\/tirage-des-cartes\/"]}]},{"@type":"ImageObject","inLanguage":"fr-FR","@id":"http:\/\/www.annevoyance.com\/voyance-par-telephone\/tirage-des-cartes\/#primaryimage","url":"http:\/\/www.annevoyance.com\/voyance-par-telephone\/wp-content\/uploads\/2014\/09\/Tirage-des-cartes-Belline.jpg","contentUrl":"http:\/\/www.annevoyance.com\/voyance-par-telephone\/wp-content\/uploads\/2014\/09\/Tirage-des-cartes-Belline.jpg","width":913,"height":768,"caption":"Tirage des cartes Belline"},{"@type":"BreadcrumbList","@id":"http:\/\/www.annevoyance.com\/voyance-par-telephone\/tirage-des-cartes\/#breadcrumb","itemListElement":[{"@type":"ListItem","position":1,"name":"Accueil","item":"http:\/\/www.annevoyance.com\/voyance-par-telephone\/"},{"@type":"ListItem","position":2,"name":"Tirage des Cartes"}]},{"@type":"WebSite","@id":"http:\/\/www.annevoyance.com\/voyance-par-telephone\/#website","url":"http:\/\/www.annevoyance.com\/voyance-par-telephone\/","name":"Voyance par T\u00e9l\u00e9phone \u00c9poustouflante - Anne Voyance Officiel","description":"T\u00e9moignages de clients en vid\u00e9os bluffants, avis Facebook authentiques, Consultez Anne Voyance par t\u00e9l\u00e9phone, elle vous d\u00e9voilera R\u00c9ELLEMENT votre avenir.","potentialAction":[{"@type":"SearchAction","target":{"@type":"EntryPoint","urlTemplate":"http:\/\/www.annevoyance.com\/voyance-par-telephone\/?s={search_term_string}"},"query-input":{"@type":"PropertyValueSpecification","valueRequired":true,"valueName":"search_term_string"}}],"inLanguage":"fr-FR"}]}},"_links":{"self":[{"href":"http:\/\/www.annevoyance.com\/voyance-par-telephone\/wp-json\/wp\/v2\/pages\/315","targetHints":{"allow":["GET"]}}],"collection":[{"href":"http:\/\/www.annevoyance.com\/voyance-par-telephone\/wp-json\/wp\/v2\/pages"}],"about":[{"href":"http:\/\/www.annevoyance.com\/voyance-par-telephone\/wp-json\/wp\/v2\/types\/page"}],"author":[{"embeddable":true,"href":"http:\/\/www.annevoyance.com\/voyance-par-telephone\/wp-json\/wp\/v2\/users\/1"}],"replies":[{"embeddable":true,"href":"http:\/\/www.annevoyance.com\/voyance-par-telephone\/wp-json\/wp\/v2\/comments?post=315"}],"version-history":[{"count":0,"href":"http:\/\/www.annevoyance.com\/voyance-par-telephone\/wp-json\/wp\/v2\/pages\/315\/revisions"}],"wp:attachment":[{"href":"http:\/\/www.annevoyance.com\/voyance-par-telephone\/wp-json\/wp\/v2\/media?parent=315"}],"curies":[{"name":"wp","href":"https:\/\/api.w.org\/{rel}","templated":true}]}}