{"id":1884,"date":"2015-09-04T09:36:28","date_gmt":"2015-09-04T08:36:28","guid":{"rendered":"http:\/\/www.annevoyance.com\/voyance-par-telephone\/?page_id=1884"},"modified":"2017-09-23T15:54:28","modified_gmt":"2017-09-23T14:54:28","slug":"horoscope-hebdomadaire","status":"publish","type":"page","link":"http:\/\/www.annevoyance.com\/voyance-par-telephone\/horoscope-hebdomadaire\/","title":{"rendered":"L&#8217;Horoscope Hebdomadaire des Voyants d&#8217;Anne"},"content":{"rendered":"<h2>&#8211; Du 25 Septembre au 1 Octobre 2017 &#8211;<\/h2>\n<div style=\"float: left; width: 50%;\"><a class=\"zodiac\" href=\"#B\u00e9lier\">\u2648 B\u00e9lier<\/a><br \/>\n<a class=\"zodiac\" href=\"#Taureau\">\u2649 Taureau<\/a><br \/>\n<a class=\"zodiac\" href=\"#G\u00e9meaux\">\u264a G\u00e9meaux<\/a><br \/>\n<a class=\"zodiac\" href=\"#Cancer\">\u264b Cancer<\/a><br \/>\n<a class=\"zodiac\" href=\"#Lion\">\u264c Lion<\/a><br \/>\n<a class=\"zodiac\" href=\"#Vierge\">\u264d Vierge<\/a><\/div>\n<div><a class=\"zodiac\" href=\"#Balance\">\u264e Balance<\/a><br \/>\n<a class=\"zodiac\" href=\"#Scorpion\">\u264f Scorpion<\/a><br \/>\n<a class=\"zodiac\" href=\"#Sagittaire\">\u2650 Sagittaire<\/a><br \/>\n<a class=\"zodiac\" href=\"#Capricorne\">\u2651 Capricorne<\/a><br \/>\n<a class=\"zodiac\" href=\"#Verseau\">\u2652 Verseau<\/a><br \/>\n<a class=\"zodiac\" href=\"#poisson\">\u2653 Poisson<\/a><\/div>\n<p><a href=\"https:\/\/malingo.fr\/5mn-de-consultation-offertes-36.html\" rel=\"nofollow\"><img loading=\"lazy\" decoding=\"async\" class=\"imganne\" style=\"margin-top: 25px;\" title=\"je consulte un voyant\" src=\"http:\/\/www.annevoyance.com\/voyance-par-telephone\/wp-content\/uploads\/2015\/09\/femme-pensive-question.jpg\" alt=\"je consulte un voyant\" width=\"600\" height=\"311\" \/><\/a><\/p>\n<h3 id=\"B\u00e9lier\">\u2648 B\u00e9lier (21 Mars \u2013 20 Avril)<\/h3>\n<h4>Votre climat astral de la semaine :<\/h4>\n<p>Vous avez un peu trop forc\u00e9 ces derniers temps et vous risquez d\u2019en ressentir un peu les effets! Sachez ne pas trop tirer sur la corde!!<\/p>\n<h4>Votre vie amoureuse :<\/h4>\n<p>Un pur bonheur conjugal, vous saurez renouer en profondeur les liens avec votre tendre moiti\u00e9. Vous regarderez ensemble votre avenir avec confiance. C\u00e9libataires? Le temps des amours est un peu gris en ce moment, personne ne trouve gr\u00e2ce \u00e0 vos yeux!!<\/p>\n<h4>Votre vie professionnelle et financi\u00e8re :<\/h4>\n<p>Une grande prudence dans la gestion de vos d\u00e9penses, ne vous laissez pas tenter par des op\u00e9rations \u00e0 risque!! La vie professionnelle se passera plut\u00f4t bien, vous \u00e9laborez des projets et vous saurez prendre des d\u00e9cisions importantes. Les victoires ne seront pas faciles mais vous arriverez \u00e0 bout des obstacles.<\/p>\n<h3 id=\"Taureau\">\u2649 Taureau (21 Avril \u2013 21 Mai)<\/h3>\n<h4>Votre climat astral de la semaine :<\/h4>\n<p>Vous avez envie de tout diriger en ce moment!! Attention car votre entourage ne se laissera pas mener \u00e0 la baguette aussi facilement\u2026<\/p>\n<h4>Votre vie amoureuse :<\/h4>\n<p>Vous avez envie de mettre du piment dans votre vie conjugale, vous voulez rompre avec la routine et allumer \u00e0 nouveau la flamme avec votre partenaire. C\u00e9libataire? Une rencontre d\u00e9cisive devrait se produire cette semaine, et viendra bouleverser votre quotidien!!<\/p>\n<h4>Votre vie professionnelle et financi\u00e8re :<\/h4>\n<p>Vous allez mettre en place des projets importants dans votre travail mais attention toutefois \u00e0 bien \u00e9valuer avec pr\u00e9cision les risques, ne n\u00e9gligez pas les aspects financiers. C\u00f4t\u00e9 finances, attention aux envies irr\u00e9sistibles de d\u00e9penses, elles pourraient bien gr\u00e9ver votre budget!!<\/p>\n<h3 id=\"G\u00e9meaux\">\u264a G\u00e9meaux (22 Mai \u2013 21 Juin)<\/h3>\n<h4>Votre climat astral de la semaine :<\/h4>\n<p>Vous avez un regain d\u2019\u00e9nergie cette semaine!!  Votre entourage appr\u00e9ciera votre c\u00f4t\u00e9 expansif et jovial. <\/p>\n<h4>Votre vie amoureuse :<\/h4>\n<p>Quelques tension et inqui\u00e9tudes dans le couple, pourtant rien de tr\u00e8s m\u00e9chant, mais vous aurez tendance \u00e0 tout dramatiser!!! Attention il est plus facile de d\u00e9truire que de construire!!  C\u00e9libataires? Vous ferez preuve d\u2019une \u00e9motivit\u00e9 et d\u2019une sensibilit\u00e9 \u00e0 fleur de peau. Vous vous r\u00e9fugierai dans l\u2019id\u00e9alisation de votre moiti\u00e9 et des grandes aventures romanesques!! Gardez toutefois les pieds sur terre!!<\/p>\n<h4>Votre vie professionnelle et financi\u00e8re :<\/h4>\n<p>Vous vous acharnerez pour atteindre vos objectifs et vous ne m\u00e9nagerez pas vos efforts et votre temps. La r\u00e9compense ne tardera pas et vous motivera d\u2019autant plus. Sur le plan p\u00e9cuniaire, ne vous lancez pas dans des op\u00e9rations financi\u00e8res importantes, ce n\u2019est vraiment pas le moment, faites confiance \u00e0 votre entourage pour \u00eatre de bon conseil.<\/p>\n<h3 id=\"Cancer\">\u264b Cancer (22 Juin \u2013 27 juillet)<\/h3>\n<h4>Votre climat astral de la semaine :<\/h4>\n<p>C\u2019est la grande forme et vous avez le moral au top cette semaine.<\/p>\n<h4>Votre vie amoureuse :<\/h4>\n<p>Vous vous interrogez sur votre partenaire, vous manquez de confiance en vous ce moment et vous avez l\u2019impression que l\u2019\u00eatre aim\u00e9 pourrait d\u00e9tourner son regard. Ne perdez pas de temps \u00e0 vous poser autant de question!! C\u00e9libataires? La p\u00e9riode est propice aux petites aventures sans lendemain, h\u00e9las le grand amour n\u2019est pas encore pour tout de suite.<\/p>\n<h4>Votre vie professionnelle et financi\u00e8re :<\/h4>\n<p>Vous mettrez toutes les chances de votre c\u00f4t\u00e9 pour arrivez \u00e0 votre but. Vous avez h\u00e2te d\u2019atteindre vos objectifs mais ne vous pr\u00e9cipitez pas trop, rien ne sert de courir!! Votre strat\u00e9gie financi\u00e8re portera ses fruits, vous avez su \u00e9quilibrer votre budget.<\/p>\n<h3 id=\"Lion\">\u264c Lion (23 Juillet \u2013 22 Ao\u00fbt)<\/h3>\n<h4>Votre climat astral de la semaine :<\/h4>\n<p>Les astres vous sont favorables ces temps-ci. Vous serez au maximum de votre forme!!<\/p>\n<h4>Votre vie amoureuse :<\/h4>\n<p>Votre vie conjugale sera sereine, vous envisageriez m\u00eame une nouvelle lune de miel. C\u00e9libataires? Vous avez envie d\u2019une passion d\u00e9vorante, d\u2019aimer \u00e0 la folie, c\u2019est une excellente p\u00e9riode pour les amours.<\/p>\n<h4>Votre vie professionnelle et financi\u00e8re :<\/h4>\n<p>Vous parviendrez \u00e0 vos fins dans le domaine professionnel, vous ferez preuve de doigt\u00e9 pour arriver \u00e0 votre but. Sur le plan p\u00e9cuniaire, fiez vous \u00e0 votre intuition vous saurez prendre les bonnes d\u00e9cisions concernant votre budget.<\/p>\n<p><a href=\"https:\/\/malingo.fr\/5mn-de-consultation-offertes-36.html\" rel=\"nofollow\"><img decoding=\"async\" class=\"imganne\" style=\"margin-top: 25px;\" title=\"je consulte un voyant\" src=\"http:\/\/www.annevoyance.com\/voyance-par-telephone\/wp-content\/uploads\/2015\/09\/recherche-emploi-anne-voyance.jpg\" alt=\"je consulte un voyant\" width=\"600\" \/><\/a><\/p>\n<h3 id=\"Vierge\">\u264d Vierge (23 Ao\u00fbt \u2013 22 Septembre)<\/h3>\n<h4>Votre climat astral de la semaine :<\/h4>\n<p>Il est temps de vous m\u00e9nager un peu, vous tirez beaucoup trop sur la corde. A vous pr\u00e9occuper de tout le monde vous vous oubliez!!!<\/p>\n<h4>Votre vie amoureuse :<\/h4>\n<p>Votre vie de couple sera harmonieuse. Vous \u00eates sur la m\u00eame longueur d\u2019ondes, et vos relations s\u2019en trouverons renforc\u00e9es. C\u00e9libataires? Apr\u00e8s des aventures sans lendemain qui s\u2019accumulent, vous serez \u00e9tonn\u00e9 de constater que cet amour que vous attendez tant est tout pr\u00e8s de vous.<\/p>\n<h4>Votre vie professionnelle et financi\u00e8re :<\/h4>\n<p>Un conflit pourrait bien vous compliquer la vie cette semaine. Vous vous acharnerez pour vous en sortir et cela sera payant. Accrochez-vous! Vos affaires financi\u00e8res  s\u2019emballent le succ\u00e8s sera \u00e0 port\u00e9e de main. Votre budget n\u2019a rien \u00e0 craindre!! <\/p>\n<h3 id=\"Balance\">\u264e Balance (23 Septembre \u2013 22 Octobre)<\/h3>\n<h4>Votre climat astral de la semaine :<\/h4>\n<p>Tout n\u2019est que contradiction cette semaine, et cela provoquera votre anxi\u00e9t\u00e9 et vous exposera \u00e0 une certaine fragilit\u00e9 c\u00f4t\u00e9 forme.<\/p>\n<h4>Votre vie amoureuse :<\/h4>\n<p>Les relations sont plut\u00f4t m\u00e9diocres, vous vous laissez-aller, et vous manquez d\u2019entrain. Votre partenaire risque de se sentir mis de c\u00f4t\u00e9 et vous le pardonnera difficilement, il faut vous ressaisir!!! C\u00e9libataires? Emport\u00e9 par une bouff\u00e9e d\u2019euphorie vous vous jetterez au cou du premier venu, qui sait cela pourrait bien aboutir sur une belle histoire.<\/p>\n<h4>Votre vie professionnelle et financi\u00e8re :<\/h4>\n<p>Vous avez fourni beaucoup d\u2019efforts et enfin ils porteront leurs fruits. Vous pourriez m\u00eame obtenir cette promotion, augmentation ou distinction que vous attendiez depuis longtemps. Sur le plan p\u00e9cuniaire, Uranus sera contre et vous incitera \u00e0 d\u00e9penser sans compter, donc prudence, tenez les cordon de la bourse bien serr\u00e9s.<\/p>\n<h3 id=\"Scorpion\">\u264f Scorpion (23 Octobre \u2013 22 Novembre)<\/h3>\n<h4>Votre climat astral de la semaine :<\/h4>\n<p>Vous serez le grand favori de Mars sur le plan physique, tonus et vitalit\u00e9 sont au rendez-vous!! Votre vie familiale sera apaisante et agr\u00e9able. Que demander de plus??!!<\/p>\n<h4>Votre vie amoureuse :<\/h4>\n<p>Vous vivrez des moments intenses avec votre partenaire. Rien ne viendra perturber ce climat amoureux et si harmonieux. C\u00e9libataires? Sortez de chez vous, une belle rencontre vous entrainera dans un tourbillon de bonheur amoureux.<\/p>\n<h4>Votre vie professionnelle et financi\u00e8re :<\/h4>\n<p>Vous poserez les jalons pour votre avenir professionnel, en effet vous travaillerez \u00e0 nouer des alliances utiles. N\u2019oubliez pas pour autant le moment pr\u00e9sent qui comporte des moments plut\u00f4t d\u00e9sagr\u00e9ables mais qui sont n\u00e9cessaires \u00e0 votre \u00e9volution. Dans l\u2019ensemble vos finances se portent bien, mais ce n\u2019est pas une raison pour oublier la prudence!!<\/p>\n<h3 id=\"Sagittaire\">\u2650 Sagittaire (23 Novembre \u2013 21 D\u00e9cembre)<\/h3>\n<h4>Votre climat astral de la semaine :<\/h4>\n<p>Votre vie priv\u00e9e sera un peu contrariante car votre entourage se montrera un peu trop envahissant et n\u2019\u00e9coutera pas vos besoins. M\u00e9nagez-vous et prenez du temps pour vous en vous isolant un peu.<\/p>\n<h4>Votre vie amoureuse :<\/h4>\n<p>Vous tenterez de trouver une solution \u00e0 des probl\u00e8mes qui pourrissent votre vie de couple, ne tardez pas trop sinon cela pourrait s\u2019aggraver. C\u00e9libataires? Vous ne vous engagerez pas \u00e0 la l\u00e9g\u00e8re, vous ferez une rencontre mais vous analyserez la situation de long en large avant de conclure \u00e0 quoi que ce soit.<\/p>\n<h4>Votre vie professionnelle et financi\u00e8re :<\/h4>\n<p>Votre travail quotidien vous apportera plus de d\u00e9sagr\u00e9ments que de satisfactions. Vous serez de mauvaise humeur, il va falloir faire appel \u00e0 votre self-control pour dominer la situation. Vous avez envie de faire des projets mais avant toute chose, il faudra bien \u00e9tudier les propositions financi\u00e8res sinon tout pourrait s\u2019effondrer comme un ch\u00e2teau de cartes.<\/p>\n<h3 id=\"Capricorne\">\u2651 Capricorne (22 D\u00e9cembre \u2013 29 Janvier)<\/h3>\n<h4>Votre climat astral de la semaine :<\/h4>\n<p>Votre corps a besoin que vous acc\u00e9diez \u00e0 une meilleure hygi\u00e8ne de vie, sinon vous risquez de puiser dans vos r\u00e9serves d\u2019\u00e9nergie. L\u2019ambiance morose autour de vous ne va pas am\u00e9liorer la situation.<\/p>\n<h4>Votre vie amoureuse :<\/h4>\n<p>Vous avez besoin de faire des plans et des projets d\u2019avenir \u00e0 deux pour vous sentir bien. Profitez-en pour en parler avec votre partenaire. C\u00e9libataires? Vous avez le go\u00fbt de la conqu\u00eate et vous ferez tout pour user et abuser de vos charmes!!<\/p>\n<h4>Votre vie professionnelle et financi\u00e8re :<\/h4>\n<p>Vous vous concentrez exclusivement sur la poursuite de vos objectifs. Si vous donnez le meilleur de vous-m\u00eame,la r\u00e9ussite sera au bout du chemin. C\u00f4t\u00e9 finances, il faudra limiter vos d\u00e9penses si vous voulez \u00e9quilibrer votre budget, soyez sage et ne d\u00e9passez pas votre budget hebdomadaire.<\/p>\n<h3 id=\"Verseau\">\u2652 Verseau (21 Janvier \u2013 19 F\u00e9vrier)<\/h3>\n<h4>Votre climat astral de la semaine :<\/h4>\n<p>Vous rayonnez de fra\u00eecheur et de dynamisme. Vous laisserez \u00e9clater cette formidable \u00e9nergie.<\/p>\n<h4>Votre vie amoureuse :<\/h4>\n<p>De petits incidents \u00e9mailleront votre vie de couple, mais vous tenterez de ne pas tout g\u00e2cher en laissant ces petites brouilles peser sur votre relation. C\u00e9libataires? L\u2019amour, rien que l\u2019amour dans vos pens\u00e9es. Vous r\u00eavez et vous vous bercez d\u2019illusions au sujet d\u2019une belle rencontre mais vous pourriez passer de l\u2019extase au d\u00e9sespoir. <\/p>\n<h4>Votre vie professionnelle et financi\u00e8re :<\/h4>\n<p>Soyez consciencieux dans votre travail, votre patron a les yeux riv\u00e9s sur vous. Donnez-vous ainsi les meilleures chances de r\u00e9ussite. Sur le plan p\u00e9cuniaire, un changement positif pourrait s\u2019op\u00e9rer en raison d\u2019un augmentation de vos revenus.<\/p>\n<h3 id=\"poisson\">\u2653 Poisson (20 F\u00e9vrier \u2013 20 Mars)<\/h3>\n<h4>Votre climat astral de la semaine :<\/h4>\n<p>Apr\u00e8s avoir subi des p\u00e9riodes de fatigue \u00e0 r\u00e9p\u00e9tition, vous \u00eates maintenant en bonne forme. L\u2019ambiance en famille sera tonique et agr\u00e9able, donc pas de stress t\u00f4t va bien, profitez-en!!<\/p>\n<h4>Votre vie amoureuse :<\/h4>\n<p>Il y a eu quelques orages, mais  si vous savez g\u00e9rer vos r\u00e9actions impulsives tout se passera pour le mieux. C\u00e9libataires? V\u00e9nus, l\u2019astre de l\u2019amour et de l\u2019union par excellence, sera \u00e0 l\u2019origine d\u2019une douce folie avec une belle rencontre.<\/p>\n<h4>Votre vie professionnelle et financi\u00e8re :<\/h4>\n<p>Vous ne m\u00e9nagerez pas vos efforts pour parvenir \u00e0 vos fins et vos projets aboutiront. Tenez bon vous \u00eates sur la voie du succ\u00e8s. C\u00f4t\u00e9 finances, votre compte en banque ne fera pas grise mine, vous avez su \u00eatre pr\u00e9voyant. Votre sagesse en mati\u00e8re de d\u00e9penses est exemplaire!!<\/p>\n","protected":false},"excerpt":{"rendered":"<p>&#8211; Du 25 Septembre au 1 Octobre 2017 &#8211; \u2648 B\u00e9lier \u2649 Taureau \u264a G\u00e9meaux \u264b Cancer \u264c Lion \u264d Vierge \u264e Balance \u264f Scorpion \u2650 Sagittaire \u2651 Capricorne \u2652 Verseau \u2653 Poisson \u2648 B\u00e9lier (21 Mars \u2013 20 Avril) Votre climat astral de la semaine : Vous avez un peu trop forc\u00e9 ces derniers &hellip; <a href=\"http:\/\/www.annevoyance.com\/voyance-par-telephone\/horoscope-hebdomadaire\/\" class=\"more-link\">Continuer la lecture de <span class=\"screen-reader-text\">L&#8217;Horoscope Hebdomadaire des Voyants d&#8217;Anne<\/span> <span class=\"meta-nav\">&rarr;<\/span><\/a><\/p>\n","protected":false},"author":1,"featured_media":0,"parent":0,"menu_order":26,"comment_status":"closed","ping_status":"closed","template":"","meta":{"_exactmetrics_skip_tracking":false,"_exactmetrics_sitenote_active":false,"_exactmetrics_sitenote_note":"","_exactmetrics_sitenote_category":0,"footnotes":""},"class_list":["post-1884","page","type-page","status-publish","hentry"],"yoast_head":"<!-- This site is optimized with the Yoast SEO plugin v27.3 - https:\/\/yoast.com\/product\/yoast-seo-wordpress\/ -->\n<title>L&#039;Horoscope Hebdomadaire des Voyants d&#039;Anne<\/title>\n<meta name=\"description\" content=\"D\u00e9couvrez chaque semaine l&#039;horoscope personnalis\u00e9 des voyants d&#039;Anne et recevez les tendances de votre signe chaque Lundi pour bien d\u00e9buter la semaine.\" \/>\n<meta name=\"robots\" content=\"noindex, nofollow\" \/>\n<meta property=\"og:locale\" content=\"fr_FR\" \/>\n<meta property=\"og:type\" content=\"article\" \/>\n<meta property=\"og:title\" content=\"L&#039;Horoscope Hebdomadaire des Voyants d&#039;Anne\" \/>\n<meta property=\"og:description\" content=\"D\u00e9couvrez chaque semaine l&#039;horoscope personnalis\u00e9 des voyants d&#039;Anne et recevez les tendances de votre signe chaque Lundi pour bien d\u00e9buter la semaine.\" \/>\n<meta property=\"og:url\" content=\"https:\/\/www.annevoyance.com\/voyance-par-telephone\/horoscope-hebdomadaire\/\" \/>\n<meta property=\"og:site_name\" content=\"Voyance par T\u00e9l\u00e9phone \u00c9poustouflante - Anne Voyance Officiel\" \/>\n<meta property=\"article:publisher\" content=\"https:\/\/www.facebook.com\/AnneVoyante\" \/>\n<meta property=\"article:modified_time\" content=\"2017-09-23T14:54:28+00:00\" \/>\n<meta property=\"og:image\" content=\"https:\/\/www.annevoyance.com\/voyance-par-telephone\/wp-content\/uploads\/2015\/09\/aper\u00e7u-image-facebook-post.png\" \/>\n\t<meta property=\"og:image:width\" content=\"808\" \/>\n\t<meta property=\"og:image:height\" content=\"422\" \/>\n\t<meta property=\"og:image:type\" content=\"image\/png\" \/>\n<meta name=\"twitter:label1\" content=\"Dur\u00e9e de lecture estim\u00e9e\" \/>\n\t<meta name=\"twitter:data1\" content=\"9 minutes\" \/>\n<script type=\"application\/ld+json\" class=\"yoast-schema-graph\">{\"@context\":\"https:\\\/\\\/schema.org\",\"@graph\":[{\"@type\":\"WebPage\",\"@id\":\"https:\\\/\\\/www.annevoyance.com\\\/voyance-par-telephone\\\/horoscope-hebdomadaire\\\/\",\"url\":\"https:\\\/\\\/www.annevoyance.com\\\/voyance-par-telephone\\\/horoscope-hebdomadaire\\\/\",\"name\":\"L'Horoscope Hebdomadaire des Voyants d'Anne\",\"isPartOf\":{\"@id\":\"http:\\\/\\\/www.annevoyance.com\\\/voyance-par-telephone\\\/#website\"},\"primaryImageOfPage\":{\"@id\":\"https:\\\/\\\/www.annevoyance.com\\\/voyance-par-telephone\\\/horoscope-hebdomadaire\\\/#primaryimage\"},\"image\":{\"@id\":\"https:\\\/\\\/www.annevoyance.com\\\/voyance-par-telephone\\\/horoscope-hebdomadaire\\\/#primaryimage\"},\"thumbnailUrl\":\"http:\\\/\\\/www.annevoyance.com\\\/voyance-par-telephone\\\/wp-content\\\/uploads\\\/2015\\\/09\\\/femme-pensive-question.jpg\",\"datePublished\":\"2015-09-04T08:36:28+00:00\",\"dateModified\":\"2017-09-23T14:54:28+00:00\",\"description\":\"D\u00e9couvrez chaque semaine l'horoscope personnalis\u00e9 des voyants d'Anne et recevez les tendances de votre signe chaque Lundi pour bien d\u00e9buter la semaine.\",\"breadcrumb\":{\"@id\":\"https:\\\/\\\/www.annevoyance.com\\\/voyance-par-telephone\\\/horoscope-hebdomadaire\\\/#breadcrumb\"},\"inLanguage\":\"fr-FR\",\"potentialAction\":[{\"@type\":\"ReadAction\",\"target\":[\"https:\\\/\\\/www.annevoyance.com\\\/voyance-par-telephone\\\/horoscope-hebdomadaire\\\/\"]}]},{\"@type\":\"ImageObject\",\"inLanguage\":\"fr-FR\",\"@id\":\"https:\\\/\\\/www.annevoyance.com\\\/voyance-par-telephone\\\/horoscope-hebdomadaire\\\/#primaryimage\",\"url\":\"http:\\\/\\\/www.annevoyance.com\\\/voyance-par-telephone\\\/wp-content\\\/uploads\\\/2015\\\/09\\\/femme-pensive-question.jpg\",\"contentUrl\":\"http:\\\/\\\/www.annevoyance.com\\\/voyance-par-telephone\\\/wp-content\\\/uploads\\\/2015\\\/09\\\/femme-pensive-question.jpg\",\"width\":600,\"height\":311},{\"@type\":\"BreadcrumbList\",\"@id\":\"https:\\\/\\\/www.annevoyance.com\\\/voyance-par-telephone\\\/horoscope-hebdomadaire\\\/#breadcrumb\",\"itemListElement\":[{\"@type\":\"ListItem\",\"position\":1,\"name\":\"Accueil\",\"item\":\"http:\\\/\\\/www.annevoyance.com\\\/voyance-par-telephone\\\/\"},{\"@type\":\"ListItem\",\"position\":2,\"name\":\"L&#8217;Horoscope Hebdomadaire des Voyants d&#8217;Anne\"}]},{\"@type\":\"WebSite\",\"@id\":\"http:\\\/\\\/www.annevoyance.com\\\/voyance-par-telephone\\\/#website\",\"url\":\"http:\\\/\\\/www.annevoyance.com\\\/voyance-par-telephone\\\/\",\"name\":\"Voyance par T\u00e9l\u00e9phone \u00c9poustouflante - Anne Voyance Officiel\",\"description\":\"T\u00e9moignages de clients en vid\u00e9os bluffants, avis Facebook authentiques, Consultez Anne Voyance par t\u00e9l\u00e9phone, elle vous d\u00e9voilera R\u00c9ELLEMENT votre avenir.\",\"potentialAction\":[{\"@type\":\"SearchAction\",\"target\":{\"@type\":\"EntryPoint\",\"urlTemplate\":\"http:\\\/\\\/www.annevoyance.com\\\/voyance-par-telephone\\\/?s={search_term_string}\"},\"query-input\":{\"@type\":\"PropertyValueSpecification\",\"valueRequired\":true,\"valueName\":\"search_term_string\"}}],\"inLanguage\":\"fr-FR\"}]}<\/script>\n<!-- \/ Yoast SEO plugin. -->","yoast_head_json":{"title":"L'Horoscope Hebdomadaire des Voyants d'Anne","description":"D\u00e9couvrez chaque semaine l'horoscope personnalis\u00e9 des voyants d'Anne et recevez les tendances de votre signe chaque Lundi pour bien d\u00e9buter la semaine.","robots":{"index":"noindex","follow":"nofollow"},"og_locale":"fr_FR","og_type":"article","og_title":"L'Horoscope Hebdomadaire des Voyants d'Anne","og_description":"D\u00e9couvrez chaque semaine l'horoscope personnalis\u00e9 des voyants d'Anne et recevez les tendances de votre signe chaque Lundi pour bien d\u00e9buter la semaine.","og_url":"https:\/\/www.annevoyance.com\/voyance-par-telephone\/horoscope-hebdomadaire\/","og_site_name":"Voyance par T\u00e9l\u00e9phone \u00c9poustouflante - Anne Voyance Officiel","article_publisher":"https:\/\/www.facebook.com\/AnneVoyante","article_modified_time":"2017-09-23T14:54:28+00:00","og_image":[{"width":808,"height":422,"url":"https:\/\/www.annevoyance.com\/voyance-par-telephone\/wp-content\/uploads\/2015\/09\/aper\u00e7u-image-facebook-post.png","type":"image\/png"}],"twitter_misc":{"Dur\u00e9e de lecture estim\u00e9e":"9 minutes"},"schema":{"@context":"https:\/\/schema.org","@graph":[{"@type":"WebPage","@id":"https:\/\/www.annevoyance.com\/voyance-par-telephone\/horoscope-hebdomadaire\/","url":"https:\/\/www.annevoyance.com\/voyance-par-telephone\/horoscope-hebdomadaire\/","name":"L'Horoscope Hebdomadaire des Voyants d'Anne","isPartOf":{"@id":"http:\/\/www.annevoyance.com\/voyance-par-telephone\/#website"},"primaryImageOfPage":{"@id":"https:\/\/www.annevoyance.com\/voyance-par-telephone\/horoscope-hebdomadaire\/#primaryimage"},"image":{"@id":"https:\/\/www.annevoyance.com\/voyance-par-telephone\/horoscope-hebdomadaire\/#primaryimage"},"thumbnailUrl":"http:\/\/www.annevoyance.com\/voyance-par-telephone\/wp-content\/uploads\/2015\/09\/femme-pensive-question.jpg","datePublished":"2015-09-04T08:36:28+00:00","dateModified":"2017-09-23T14:54:28+00:00","description":"D\u00e9couvrez chaque semaine l'horoscope personnalis\u00e9 des voyants d'Anne et recevez les tendances de votre signe chaque Lundi pour bien d\u00e9buter la semaine.","breadcrumb":{"@id":"https:\/\/www.annevoyance.com\/voyance-par-telephone\/horoscope-hebdomadaire\/#breadcrumb"},"inLanguage":"fr-FR","potentialAction":[{"@type":"ReadAction","target":["https:\/\/www.annevoyance.com\/voyance-par-telephone\/horoscope-hebdomadaire\/"]}]},{"@type":"ImageObject","inLanguage":"fr-FR","@id":"https:\/\/www.annevoyance.com\/voyance-par-telephone\/horoscope-hebdomadaire\/#primaryimage","url":"http:\/\/www.annevoyance.com\/voyance-par-telephone\/wp-content\/uploads\/2015\/09\/femme-pensive-question.jpg","contentUrl":"http:\/\/www.annevoyance.com\/voyance-par-telephone\/wp-content\/uploads\/2015\/09\/femme-pensive-question.jpg","width":600,"height":311},{"@type":"BreadcrumbList","@id":"https:\/\/www.annevoyance.com\/voyance-par-telephone\/horoscope-hebdomadaire\/#breadcrumb","itemListElement":[{"@type":"ListItem","position":1,"name":"Accueil","item":"http:\/\/www.annevoyance.com\/voyance-par-telephone\/"},{"@type":"ListItem","position":2,"name":"L&#8217;Horoscope Hebdomadaire des Voyants d&#8217;Anne"}]},{"@type":"WebSite","@id":"http:\/\/www.annevoyance.com\/voyance-par-telephone\/#website","url":"http:\/\/www.annevoyance.com\/voyance-par-telephone\/","name":"Voyance par T\u00e9l\u00e9phone \u00c9poustouflante - Anne Voyance Officiel","description":"T\u00e9moignages de clients en vid\u00e9os bluffants, avis Facebook authentiques, Consultez Anne Voyance par t\u00e9l\u00e9phone, elle vous d\u00e9voilera R\u00c9ELLEMENT votre avenir.","potentialAction":[{"@type":"SearchAction","target":{"@type":"EntryPoint","urlTemplate":"http:\/\/www.annevoyance.com\/voyance-par-telephone\/?s={search_term_string}"},"query-input":{"@type":"PropertyValueSpecification","valueRequired":true,"valueName":"search_term_string"}}],"inLanguage":"fr-FR"}]}},"_links":{"self":[{"href":"http:\/\/www.annevoyance.com\/voyance-par-telephone\/wp-json\/wp\/v2\/pages\/1884","targetHints":{"allow":["GET"]}}],"collection":[{"href":"http:\/\/www.annevoyance.com\/voyance-par-telephone\/wp-json\/wp\/v2\/pages"}],"about":[{"href":"http:\/\/www.annevoyance.com\/voyance-par-telephone\/wp-json\/wp\/v2\/types\/page"}],"author":[{"embeddable":true,"href":"http:\/\/www.annevoyance.com\/voyance-par-telephone\/wp-json\/wp\/v2\/users\/1"}],"replies":[{"embeddable":true,"href":"http:\/\/www.annevoyance.com\/voyance-par-telephone\/wp-json\/wp\/v2\/comments?post=1884"}],"version-history":[{"count":0,"href":"http:\/\/www.annevoyance.com\/voyance-par-telephone\/wp-json\/wp\/v2\/pages\/1884\/revisions"}],"wp:attachment":[{"href":"http:\/\/www.annevoyance.com\/voyance-par-telephone\/wp-json\/wp\/v2\/media?parent=1884"}],"curies":[{"name":"wp","href":"https:\/\/api.w.org\/{rel}","templated":true}]}}