{"id":162,"date":"2015-03-03T11:24:57","date_gmt":"2015-03-03T10:24:57","guid":{"rendered":"http:\/\/www.annevoyance.com\/voyance-par-telephone\/?page_id=162"},"modified":"2016-10-16T18:59:57","modified_gmt":"2016-10-16T17:59:57","slug":"avis-anne-voyance-video","status":"publish","type":"page","link":"http:\/\/www.annevoyance.com\/voyance-par-telephone\/avis-anne-voyance-video\/","title":{"rendered":"Avis sur Anne Voyance en Vid\u00e9o"},"content":{"rendered":"<hr style=\"margin: -35px auto 25px;\" width=\"80%\" \/>\n<p>Les t\u00e9moignages vid\u00e9os sont les meilleures preuves de la <strong>qualit\u00e9 des prestations<\/strong> d&#8217;Anne Voyance.<\/p>\n<p>Ils sont tous <strong>authentiques<\/strong> et effectu\u00e9s avec de <strong>vrais clients<\/strong> \u00e9tant fid\u00e8les \u00e0 Anne depuis plusieurs ann\u00e9es.<\/p>\n<p>Bon visionnage !<\/p>\n<h2>T\u00e9moignage Voyance de &#8220;Sophie&#8221;<br \/>(cliente souhaitant rester anonyme)<\/h2>\n<p><iframe loading=\"lazy\" src=\"\/\/www.youtube.com\/embed\/qrzluoq6oU8?rel=0&amp;version=3&amp;vq=large&#038;autohide=1\" width=\"604\" height=\"340\" frameborder=\"0\" allowfullscreen=\"allowfullscreen\"><\/iframe><br \/>\n&#8220;Sophie&#8221; vous donne son avis sur Anne Voyance suite \u00e0 ses 7 ann\u00e9es de consultations.<\/p>\n<p>D\u00e8s sa premi\u00e8re consultation, &#8220;Sophie&#8221; a tout de suite \u00e9t\u00e9 surprise par les <strong>pr\u00e9cisions d&#8217;Anne Voyance<\/strong> sur sa vie <strong>Priv\u00e9e et Professionnelle<\/strong>.<\/p>\n<p>Depuis ce jour, <strong>elle ne cesse de consulter Anne Voyance<\/strong> au moins 2 fois par an.<\/p>\n<p>Regardez ce t\u00e9moignage d\u00e8s maintenant<\/p>\n<hr \/>\n<h2>l&#8217;Avis sur Anne Voyance de Monique<\/h2>\n<p><iframe loading=\"lazy\" src=\"\/\/www.youtube.com\/embed\/ylCScCO6uJQ?rel=0&amp;version=3&amp;vq=large&#038;autohide=1\" width=\"604\" height=\"340\" frameborder=\"0\" allowfullscreen=\"allowfullscreen\"><\/iframe><br \/>\nMonique est une cliente extr\u00eamement fid\u00e8le d&#8217;Anne Voyance <strong>depuis plus de 12 ans<\/strong>. Durant toutes ces ann\u00e9es, Anne lui a pr\u00e9dit des choses incroyables, avec parfois <strong>jusqu&#8217;\u00e0 5 ans d&#8217;avance<\/strong> sur la r\u00e9alisation de l&#8217;\u00e9v\u00e9nement.<\/p>\n<p>Durant cette interview, Monique va vous donner son avis sur 3 pr\u00e9visions voyance particuli\u00e8rement int\u00e9ressantes&#8230;<\/p>\n<p>Anne n&#8217;est pas une voyante comme vous pouvez trouver habituellement sur internet, elle ne fournit pas de r\u00e9ponse &#8220;bateau&#8221; qui ont une chance sur 2 d&#8217;arriver mais elle fournit des <strong>d\u00e9tails pr\u00e9cis<\/strong> sur des \u00e9v\u00e9nements bien <strong>sp\u00e9cifiques<\/strong>.<\/p>\n<p>Anne ne vous dira pas ce que vous voulez entendre, mais sa vision r\u00e9elle des choses.<br \/>\nSa voyance est <strong>pure, honn\u00eate<\/strong> et r\u00e9alis\u00e9e avec un maximum de <strong>professionnalisme<\/strong>.<\/p>\n<p><a title=\"Consulter Anne Voyance\" href=\"http:\/\/www.annevoyance.com\/forfait.html \" target=\"_blank\"><strong>Cliquez ici<\/strong><\/a> d\u00e8s maintenant et obtenez une VRAIE consultation de <strong>voyance par t\u00e9l\u00e9phone<\/strong> comme il n&#8217;en existe que tr\u00e8s peu de nos jours.<\/p>\n<p>Vous ne le regretterez pas&#8230;<\/p>\n<hr \/>\n<h2>T\u00e9moignage Voyance de Marina<\/h2>\n<p><iframe loading=\"lazy\" src=\"\/\/www.youtube.com\/embed\/Sq18xNcey1Y?rel=0&amp;version=3&amp;vq=large&#038;autohide=1\" width=\"604\" height=\"340\" frameborder=\"0\" allowfullscreen=\"allowfullscreen\"><\/iframe><br \/>\nDans ce t\u00e9moignage, Marina ( <strong>cliente extr\u00eamement fid\u00e8le d&#8217;Anne Voyance depuis 2005<\/strong> ) va vous raconter quelques anecdotes sur la voyance d&#8217;Anne.<\/p>\n<p>Vous y d\u00e9couvrirez des <strong>pr\u00e9dictions assez stup\u00e9fiantes<\/strong> comme par exemple un retour \u00e0 l&#8217;\u00e9cole \u00e0 l&#8217;\u00e2ge de 38 ans ou encore un emploi dans un lieu que jamais Marina n&#8217;aurait imagin\u00e9 !<\/p>\n<p><iframe loading=\"lazy\" width=\"100%\" height=\"150\" scrolling=\"no\" frameborder=\"no\" src=\"https:\/\/www.reverbnation.com\/widget_code\/html_widget\/artist_5185894?widget_id=55&#038;pwc[song_ids]=25167156&#038;context_type=song&#038;spoid=artist_5185894&#038;pwc[size]=small\" style=\"width:0px;min-width:100%;max-width:100%;\"><\/iframe><\/p>\n<hr \/>\n<h2>L&#8217;avis sur Anne Voyance de Sebastien<\/h2>\n<p><iframe loading=\"lazy\" src=\"\/\/www.youtube.com\/embed\/cHJuVC8qOGU?rel=0&amp;version=3&amp;vq=large&#038;autohide=1\" width=\"604\" height=\"340\" frameborder=\"0\" allowfullscreen=\"allowfullscreen\"><\/iframe><br \/>\nD\u00e9couvrez l&#8217;avis de S\u00e9bastien sur ses diff\u00e9rentes consultations avec Anne Voyance depuis <strong>plus de 10 ans<\/strong> maintenant.<\/p>\n<p>S\u00e9bastien va vous raconter un \u00e9v\u00e9nement <strong>compl\u00e8tement improbable<\/strong> r\u00e9v\u00e9l\u00e9 par Anne Voyance sur une de ses soeurs qui \u00e9tait cens\u00e9e ne plus avoir d&#8217;enfant, mais la vision d&#8217;Anne \u00e9tait diff\u00e9rente..<\/p>\n<hr \/>\n<h2>L&#8217;avis sur Anne Voyance de Laurence<\/h2>\n<p><iframe loading=\"lazy\" src=\"\/\/www.youtube.com\/embed\/KGZidgdlQbA?rel=0&amp;version=3&amp;vq=large&#038;autohide=1\" width=\"604\" height=\"340\" frameborder=\"0\" allowfullscreen=\"allowfullscreen\"><\/iframe><br \/>\nLaurence est une chef d&#8217;entreprise qui consulte Anne depuis 2002, principalement \u00e0 titre professionnel.<\/p>\n<p>Gr\u00e2ce \u00e0 Anne, Laurence a r\u00e9ussi \u00e0 <strong>prosp\u00e9rer son activit\u00e9<\/strong> et faire les <strong>meilleures d\u00e9cisions<\/strong> pour le <strong>bon d\u00e9veloppement de son entreprise<\/strong>.<\/p>\n<p>Dans cet entretien, Laurence parlera \u00e9galement de quelques r\u00e9v\u00e9lations assez \u00e9poustouflantes sur le plan sentimental.<\/p>\n<hr \/>\n<h2>L&#8217;avis sur Anne Voyance de Thierry<\/h2>\n<p><iframe loading=\"lazy\" src=\"\/\/www.youtube.com\/embed\/DHv8s2PMCQ8?rel=0&amp;version=3&amp;vq=large&#038;autohide=1\" width=\"604\" height=\"340\" frameborder=\"0\" allowfullscreen=\"allowfullscreen\"><\/iframe><br \/>\nThierry, qui a connu Anne Voyance a ses tout d\u00e9buts professionnels, vous partage son avis sur les diff\u00e9rentes consultations qu&#8217;il a eu avec Anne <strong>depuis plus de 20 ans<\/strong>.<\/p>\n","protected":false},"excerpt":{"rendered":"<p>Les t\u00e9moignages vid\u00e9os sont les meilleures preuves de la qualit\u00e9 des prestations d&#8217;Anne Voyance. Ils sont tous authentiques et effectu\u00e9s avec de vrais clients \u00e9tant fid\u00e8les \u00e0 Anne depuis plusieurs ann\u00e9es. Bon visionnage ! T\u00e9moignage Voyance de &#8220;Sophie&#8221;(cliente souhaitant rester anonyme) &#8220;Sophie&#8221; vous donne son avis sur Anne Voyance suite \u00e0 ses 7 ann\u00e9es de &hellip; <a href=\"http:\/\/www.annevoyance.com\/voyance-par-telephone\/avis-anne-voyance-video\/\" class=\"more-link\">Continuer la lecture de <span class=\"screen-reader-text\">Avis sur Anne Voyance en Vid\u00e9o<\/span> <span class=\"meta-nav\">&rarr;<\/span><\/a><\/p>\n","protected":false},"author":1,"featured_media":0,"parent":0,"menu_order":37,"comment_status":"closed","ping_status":"closed","template":"","meta":{"_exactmetrics_skip_tracking":false,"_exactmetrics_sitenote_active":false,"_exactmetrics_sitenote_note":"","_exactmetrics_sitenote_category":0,"footnotes":""},"class_list":["post-162","page","type-page","status-publish","hentry"],"yoast_head":"<!-- This site is optimized with the Yoast SEO plugin v27.3 - https:\/\/yoast.com\/product\/yoast-seo-wordpress\/ -->\n<title>Avis sur Anne Voyance en Vid\u00e9o - Voyance par T\u00e9l\u00e9phone \u00c9poustouflante - Anne Voyance Officiel<\/title>\n<meta name=\"description\" content=\"Regardez d\u00e8s maintenant les Avis sur Anne Voyance par T\u00e9moignages Vid\u00e9os ! Ces Avis refl\u00e8tent Parfaitement la Qualit\u00e9 de la Voyance d&#039;Anne.\" \/>\n<meta name=\"robots\" content=\"index, follow, max-snippet:-1, max-image-preview:large, max-video-preview:-1\" \/>\n<link rel=\"canonical\" href=\"https:\/\/www.annevoyance.com\/voyance-par-telephone\/avis-anne-voyance-video\/\" \/>\n<meta property=\"og:locale\" content=\"fr_FR\" \/>\n<meta property=\"og:type\" content=\"article\" \/>\n<meta property=\"og:title\" content=\"Avis sur Anne Voyance en Vid\u00e9o - Voyance par T\u00e9l\u00e9phone \u00c9poustouflante - Anne Voyance Officiel\" \/>\n<meta property=\"og:description\" content=\"Regardez d\u00e8s maintenant les Avis sur Anne Voyance par T\u00e9moignages Vid\u00e9os ! Ces Avis refl\u00e8tent Parfaitement la Qualit\u00e9 de la Voyance d&#039;Anne.\" \/>\n<meta property=\"og:url\" content=\"https:\/\/www.annevoyance.com\/voyance-par-telephone\/avis-anne-voyance-video\/\" \/>\n<meta property=\"og:site_name\" content=\"Voyance par T\u00e9l\u00e9phone \u00c9poustouflante - Anne Voyance Officiel\" \/>\n<meta property=\"article:publisher\" content=\"https:\/\/www.facebook.com\/AnneVoyante\" \/>\n<meta property=\"article:modified_time\" content=\"2016-10-16T17:59:57+00:00\" \/>\n<meta name=\"twitter:label1\" content=\"Dur\u00e9e de lecture estim\u00e9e\" \/>\n\t<meta name=\"twitter:data1\" content=\"2 minutes\" \/>\n<script type=\"application\/ld+json\" class=\"yoast-schema-graph\">{\"@context\":\"https:\\\/\\\/schema.org\",\"@graph\":[{\"@type\":\"WebPage\",\"@id\":\"https:\\\/\\\/www.annevoyance.com\\\/voyance-par-telephone\\\/avis-anne-voyance-video\\\/\",\"url\":\"https:\\\/\\\/www.annevoyance.com\\\/voyance-par-telephone\\\/avis-anne-voyance-video\\\/\",\"name\":\"Avis sur Anne Voyance en Vid\u00e9o - Voyance par T\u00e9l\u00e9phone \u00c9poustouflante - Anne Voyance Officiel\",\"isPartOf\":{\"@id\":\"http:\\\/\\\/www.annevoyance.com\\\/voyance-par-telephone\\\/#website\"},\"datePublished\":\"2015-03-03T10:24:57+00:00\",\"dateModified\":\"2016-10-16T17:59:57+00:00\",\"description\":\"Regardez d\u00e8s maintenant les Avis sur Anne Voyance par T\u00e9moignages Vid\u00e9os ! Ces Avis refl\u00e8tent Parfaitement la Qualit\u00e9 de la Voyance d'Anne.\",\"breadcrumb\":{\"@id\":\"https:\\\/\\\/www.annevoyance.com\\\/voyance-par-telephone\\\/avis-anne-voyance-video\\\/#breadcrumb\"},\"inLanguage\":\"fr-FR\",\"potentialAction\":[{\"@type\":\"ReadAction\",\"target\":[\"https:\\\/\\\/www.annevoyance.com\\\/voyance-par-telephone\\\/avis-anne-voyance-video\\\/\"]}]},{\"@type\":\"BreadcrumbList\",\"@id\":\"https:\\\/\\\/www.annevoyance.com\\\/voyance-par-telephone\\\/avis-anne-voyance-video\\\/#breadcrumb\",\"itemListElement\":[{\"@type\":\"ListItem\",\"position\":1,\"name\":\"Accueil\",\"item\":\"http:\\\/\\\/www.annevoyance.com\\\/voyance-par-telephone\\\/\"},{\"@type\":\"ListItem\",\"position\":2,\"name\":\"Avis sur Anne Voyance en Vid\u00e9o\"}]},{\"@type\":\"WebSite\",\"@id\":\"http:\\\/\\\/www.annevoyance.com\\\/voyance-par-telephone\\\/#website\",\"url\":\"http:\\\/\\\/www.annevoyance.com\\\/voyance-par-telephone\\\/\",\"name\":\"Voyance par T\u00e9l\u00e9phone \u00c9poustouflante - Anne Voyance Officiel\",\"description\":\"T\u00e9moignages de clients en vid\u00e9os bluffants, avis Facebook authentiques, Consultez Anne Voyance par t\u00e9l\u00e9phone, elle vous d\u00e9voilera R\u00c9ELLEMENT votre avenir.\",\"potentialAction\":[{\"@type\":\"SearchAction\",\"target\":{\"@type\":\"EntryPoint\",\"urlTemplate\":\"http:\\\/\\\/www.annevoyance.com\\\/voyance-par-telephone\\\/?s={search_term_string}\"},\"query-input\":{\"@type\":\"PropertyValueSpecification\",\"valueRequired\":true,\"valueName\":\"search_term_string\"}}],\"inLanguage\":\"fr-FR\"}]}<\/script>\n<!-- \/ Yoast SEO plugin. -->","yoast_head_json":{"title":"Avis sur Anne Voyance en Vid\u00e9o - Voyance par T\u00e9l\u00e9phone \u00c9poustouflante - Anne Voyance Officiel","description":"Regardez d\u00e8s maintenant les Avis sur Anne Voyance par T\u00e9moignages Vid\u00e9os ! Ces Avis refl\u00e8tent Parfaitement la Qualit\u00e9 de la Voyance d'Anne.","robots":{"index":"index","follow":"follow","max-snippet":"max-snippet:-1","max-image-preview":"max-image-preview:large","max-video-preview":"max-video-preview:-1"},"canonical":"https:\/\/www.annevoyance.com\/voyance-par-telephone\/avis-anne-voyance-video\/","og_locale":"fr_FR","og_type":"article","og_title":"Avis sur Anne Voyance en Vid\u00e9o - Voyance par T\u00e9l\u00e9phone \u00c9poustouflante - Anne Voyance Officiel","og_description":"Regardez d\u00e8s maintenant les Avis sur Anne Voyance par T\u00e9moignages Vid\u00e9os ! Ces Avis refl\u00e8tent Parfaitement la Qualit\u00e9 de la Voyance d'Anne.","og_url":"https:\/\/www.annevoyance.com\/voyance-par-telephone\/avis-anne-voyance-video\/","og_site_name":"Voyance par T\u00e9l\u00e9phone \u00c9poustouflante - Anne Voyance Officiel","article_publisher":"https:\/\/www.facebook.com\/AnneVoyante","article_modified_time":"2016-10-16T17:59:57+00:00","twitter_misc":{"Dur\u00e9e de lecture estim\u00e9e":"2 minutes"},"schema":{"@context":"https:\/\/schema.org","@graph":[{"@type":"WebPage","@id":"https:\/\/www.annevoyance.com\/voyance-par-telephone\/avis-anne-voyance-video\/","url":"https:\/\/www.annevoyance.com\/voyance-par-telephone\/avis-anne-voyance-video\/","name":"Avis sur Anne Voyance en Vid\u00e9o - Voyance par T\u00e9l\u00e9phone \u00c9poustouflante - Anne Voyance Officiel","isPartOf":{"@id":"http:\/\/www.annevoyance.com\/voyance-par-telephone\/#website"},"datePublished":"2015-03-03T10:24:57+00:00","dateModified":"2016-10-16T17:59:57+00:00","description":"Regardez d\u00e8s maintenant les Avis sur Anne Voyance par T\u00e9moignages Vid\u00e9os ! Ces Avis refl\u00e8tent Parfaitement la Qualit\u00e9 de la Voyance d'Anne.","breadcrumb":{"@id":"https:\/\/www.annevoyance.com\/voyance-par-telephone\/avis-anne-voyance-video\/#breadcrumb"},"inLanguage":"fr-FR","potentialAction":[{"@type":"ReadAction","target":["https:\/\/www.annevoyance.com\/voyance-par-telephone\/avis-anne-voyance-video\/"]}]},{"@type":"BreadcrumbList","@id":"https:\/\/www.annevoyance.com\/voyance-par-telephone\/avis-anne-voyance-video\/#breadcrumb","itemListElement":[{"@type":"ListItem","position":1,"name":"Accueil","item":"http:\/\/www.annevoyance.com\/voyance-par-telephone\/"},{"@type":"ListItem","position":2,"name":"Avis sur Anne Voyance en Vid\u00e9o"}]},{"@type":"WebSite","@id":"http:\/\/www.annevoyance.com\/voyance-par-telephone\/#website","url":"http:\/\/www.annevoyance.com\/voyance-par-telephone\/","name":"Voyance par T\u00e9l\u00e9phone \u00c9poustouflante - Anne Voyance Officiel","description":"T\u00e9moignages de clients en vid\u00e9os bluffants, avis Facebook authentiques, Consultez Anne Voyance par t\u00e9l\u00e9phone, elle vous d\u00e9voilera R\u00c9ELLEMENT votre avenir.","potentialAction":[{"@type":"SearchAction","target":{"@type":"EntryPoint","urlTemplate":"http:\/\/www.annevoyance.com\/voyance-par-telephone\/?s={search_term_string}"},"query-input":{"@type":"PropertyValueSpecification","valueRequired":true,"valueName":"search_term_string"}}],"inLanguage":"fr-FR"}]}},"_links":{"self":[{"href":"http:\/\/www.annevoyance.com\/voyance-par-telephone\/wp-json\/wp\/v2\/pages\/162","targetHints":{"allow":["GET"]}}],"collection":[{"href":"http:\/\/www.annevoyance.com\/voyance-par-telephone\/wp-json\/wp\/v2\/pages"}],"about":[{"href":"http:\/\/www.annevoyance.com\/voyance-par-telephone\/wp-json\/wp\/v2\/types\/page"}],"author":[{"embeddable":true,"href":"http:\/\/www.annevoyance.com\/voyance-par-telephone\/wp-json\/wp\/v2\/users\/1"}],"replies":[{"embeddable":true,"href":"http:\/\/www.annevoyance.com\/voyance-par-telephone\/wp-json\/wp\/v2\/comments?post=162"}],"version-history":[{"count":0,"href":"http:\/\/www.annevoyance.com\/voyance-par-telephone\/wp-json\/wp\/v2\/pages\/162\/revisions"}],"wp:attachment":[{"href":"http:\/\/www.annevoyance.com\/voyance-par-telephone\/wp-json\/wp\/v2\/media?parent=162"}],"curies":[{"name":"wp","href":"https:\/\/api.w.org\/{rel}","templated":true}]}}