{"id":102,"date":"2014-01-09T22:57:45","date_gmt":"2014-01-09T21:57:45","guid":{"rendered":"http:\/\/www.annevoyance.com\/voyance-par-telephone\/?page_id=102"},"modified":"2015-12-28T20:00:05","modified_gmt":"2015-12-28T19:00:05","slug":"commentaires-facebook","status":"publish","type":"page","link":"http:\/\/www.annevoyance.com\/voyance-par-telephone\/commentaires-facebook\/","title":{"rendered":"Commentaires Facebook"},"content":{"rendered":"<hr style=\"margin: -35px auto 25px;\" width=\"70%\" \/>\n<p>Vous trouverez ci-dessous des captures d&#8217;\u00e9cran de commentaires clients laiss\u00e9s sur ma <a href=\"https:\/\/www.facebook.com\/AnneVoyante\" target=\"_blank\">Page Facebook<\/a>. N&#8217;h\u00e9sitez pas \u00e0 la visiter et \u00e0 la liker !<\/p>\n<p><img loading=\"lazy\" decoding=\"async\" src=\"http:\/\/www.annevoyance.com\/voyance-par-telephone\/wp-content\/uploads\/2015\/04\/message-julie-facebook.jpg\" alt=\"message-julie-facebook\" width=\"527\" height=\"471\" class=\"aligncenter size-full wp-image-1482\" srcset=\"http:\/\/www.annevoyance.com\/voyance-par-telephone\/wp-content\/uploads\/2015\/04\/message-julie-facebook.jpg 527w, http:\/\/www.annevoyance.com\/voyance-par-telephone\/wp-content\/uploads\/2015\/04\/message-julie-facebook-300x268.jpg 300w\" sizes=\"auto, (max-width: 527px) 100vw, 527px\" \/><\/p>\n<p><img loading=\"lazy\" decoding=\"async\" width=\"538\" height=\"589\" class=\"aligncenter size-medium wp-image-104\" src=\"http:\/\/www.annevoyance.com\/voyance-par-telephone\/wp-content\/uploads\/2014\/01\/anne-voyance-facebook.jpg\" alt=\"commentaire-anne-voyance-facebook\" srcset=\"http:\/\/www.annevoyance.com\/voyance-par-telephone\/wp-content\/uploads\/2014\/01\/anne-voyance-facebook.jpg 538w, http:\/\/www.annevoyance.com\/voyance-par-telephone\/wp-content\/uploads\/2014\/01\/anne-voyance-facebook-274x300.jpg 274w\" sizes=\"auto, (max-width: 538px) 100vw, 538px\" \/><\/p>\n<p><img loading=\"lazy\" decoding=\"async\" width=\"507\" height=\"226\" class=\"aligncenter size-medium wp-image-105\" src=\"http:\/\/www.annevoyance.com\/voyance-par-telephone\/wp-content\/uploads\/2014\/01\/anne-voyance-facebook2.jpg\" alt=\"commentaire-anne-voyance-facebook\" srcset=\"http:\/\/www.annevoyance.com\/voyance-par-telephone\/wp-content\/uploads\/2014\/01\/anne-voyance-facebook2.jpg 507w, http:\/\/www.annevoyance.com\/voyance-par-telephone\/wp-content\/uploads\/2014\/01\/anne-voyance-facebook2-300x133.jpg 300w\" sizes=\"auto, (max-width: 507px) 100vw, 507px\" \/><\/p>\n<p><img loading=\"lazy\" decoding=\"async\" width=\"499\" height=\"469\" class=\"aligncenter size-medium wp-image-106\" src=\"http:\/\/www.annevoyance.com\/voyance-par-telephone\/wp-content\/uploads\/2014\/01\/anne-voyance-facebook3.jpg\" alt=\"commentaire-anne-voyance-facebook\" srcset=\"http:\/\/www.annevoyance.com\/voyance-par-telephone\/wp-content\/uploads\/2014\/01\/anne-voyance-facebook3.jpg 499w, http:\/\/www.annevoyance.com\/voyance-par-telephone\/wp-content\/uploads\/2014\/01\/anne-voyance-facebook3-300x281.jpg 300w\" sizes=\"auto, (max-width: 499px) 100vw, 499px\" \/><\/p>\n<p style=\"text-align: center;\"><a href=\"http:\/\/www.annevoyance.com\/voyance-par-telephone\/wp-content\/uploads\/2014\/01\/anne-voyance-facebook4.jpg\"><img loading=\"lazy\" decoding=\"async\" width=\"494\" height=\"348\" class=\"aligncenter size-medium wp-image-107\" src=\"http:\/\/www.annevoyance.com\/voyance-par-telephone\/wp-content\/uploads\/2014\/01\/anne-voyance-facebook4.jpg\" alt=\"commentaire-anne-voyance-facebook\" srcset=\"http:\/\/www.annevoyance.com\/voyance-par-telephone\/wp-content\/uploads\/2014\/01\/anne-voyance-facebook4.jpg 494w, http:\/\/www.annevoyance.com\/voyance-par-telephone\/wp-content\/uploads\/2014\/01\/anne-voyance-facebook4-300x211.jpg 300w\" sizes=\"auto, (max-width: 494px) 100vw, 494px\" \/><\/a><\/p>\n<p style=\"text-align: center; font-size: 30px;\">Vous souhaitez obtenir une consultation ?<br \/>\n<strong><a href=\"http:\/\/www.annevoyance.com\/voyance-par-telephone\/tarifs\/\">CLIQUEZ ICI<\/a><br \/>\npour en savoir +<\/strong><\/p>\n","protected":false},"excerpt":{"rendered":"<p>Vous trouverez ci-dessous des captures d&#8217;\u00e9cran de commentaires clients laiss\u00e9s sur ma Page Facebook. N&#8217;h\u00e9sitez pas \u00e0 la visiter et \u00e0 la liker ! Vous souhaitez obtenir une consultation ? CLIQUEZ ICI pour en savoir +<\/p>\n","protected":false},"author":1,"featured_media":0,"parent":0,"menu_order":39,"comment_status":"closed","ping_status":"open","template":"","meta":{"_exactmetrics_skip_tracking":false,"_exactmetrics_sitenote_active":false,"_exactmetrics_sitenote_note":"","_exactmetrics_sitenote_category":0,"footnotes":""},"class_list":["post-102","page","type-page","status-publish","hentry"],"yoast_head":"<!-- This site is optimized with the Yoast SEO plugin v27.3 - https:\/\/yoast.com\/product\/yoast-seo-wordpress\/ -->\n<title>Commentaires Facebook - Voyance par T\u00e9l\u00e9phone \u00c9poustouflante - Anne Voyance Officiel<\/title>\n<meta name=\"description\" content=\"D\u00e9couvrez les avis de clients sur la page Facebook de Anne Voyance. Not\u00e9e 5* sur Google et les Pages Jaunes, Anne vous d\u00e9voile votre Avenir Maintenant.\" \/>\n<meta name=\"robots\" content=\"index, follow, max-snippet:-1, max-image-preview:large, max-video-preview:-1\" \/>\n<link rel=\"canonical\" href=\"https:\/\/www.annevoyance.com\/voyance-par-telephone\/commentaires-facebook\/\" \/>\n<meta property=\"og:locale\" content=\"fr_FR\" \/>\n<meta property=\"og:type\" content=\"article\" \/>\n<meta property=\"og:title\" content=\"Commentaires Facebook - Voyance par T\u00e9l\u00e9phone \u00c9poustouflante - Anne Voyance Officiel\" \/>\n<meta property=\"og:description\" content=\"D\u00e9couvrez les avis de clients sur la page Facebook de Anne Voyance. Not\u00e9e 5* sur Google et les Pages Jaunes, Anne vous d\u00e9voile votre Avenir Maintenant.\" \/>\n<meta property=\"og:url\" content=\"https:\/\/www.annevoyance.com\/voyance-par-telephone\/commentaires-facebook\/\" \/>\n<meta property=\"og:site_name\" content=\"Voyance par T\u00e9l\u00e9phone \u00c9poustouflante - Anne Voyance Officiel\" \/>\n<meta property=\"article:publisher\" content=\"https:\/\/www.facebook.com\/AnneVoyante\" \/>\n<meta property=\"article:modified_time\" content=\"2015-12-28T19:00:05+00:00\" \/>\n<meta property=\"og:image\" content=\"http:\/\/www.annevoyance.com\/voyance-par-telephone\/wp-content\/uploads\/2015\/04\/message-julie-facebook.jpg\" \/>\n<script type=\"application\/ld+json\" class=\"yoast-schema-graph\">{\"@context\":\"https:\\\/\\\/schema.org\",\"@graph\":[{\"@type\":\"WebPage\",\"@id\":\"https:\\\/\\\/www.annevoyance.com\\\/voyance-par-telephone\\\/commentaires-facebook\\\/\",\"url\":\"https:\\\/\\\/www.annevoyance.com\\\/voyance-par-telephone\\\/commentaires-facebook\\\/\",\"name\":\"Commentaires Facebook - Voyance par T\u00e9l\u00e9phone \u00c9poustouflante - Anne Voyance Officiel\",\"isPartOf\":{\"@id\":\"http:\\\/\\\/www.annevoyance.com\\\/voyance-par-telephone\\\/#website\"},\"primaryImageOfPage\":{\"@id\":\"https:\\\/\\\/www.annevoyance.com\\\/voyance-par-telephone\\\/commentaires-facebook\\\/#primaryimage\"},\"image\":{\"@id\":\"https:\\\/\\\/www.annevoyance.com\\\/voyance-par-telephone\\\/commentaires-facebook\\\/#primaryimage\"},\"thumbnailUrl\":\"http:\\\/\\\/www.annevoyance.com\\\/voyance-par-telephone\\\/wp-content\\\/uploads\\\/2015\\\/04\\\/message-julie-facebook.jpg\",\"datePublished\":\"2014-01-09T21:57:45+00:00\",\"dateModified\":\"2015-12-28T19:00:05+00:00\",\"description\":\"D\u00e9couvrez les avis de clients sur la page Facebook de Anne Voyance. Not\u00e9e 5* sur Google et les Pages Jaunes, Anne vous d\u00e9voile votre Avenir Maintenant.\",\"breadcrumb\":{\"@id\":\"https:\\\/\\\/www.annevoyance.com\\\/voyance-par-telephone\\\/commentaires-facebook\\\/#breadcrumb\"},\"inLanguage\":\"fr-FR\",\"potentialAction\":[{\"@type\":\"ReadAction\",\"target\":[\"https:\\\/\\\/www.annevoyance.com\\\/voyance-par-telephone\\\/commentaires-facebook\\\/\"]}]},{\"@type\":\"ImageObject\",\"inLanguage\":\"fr-FR\",\"@id\":\"https:\\\/\\\/www.annevoyance.com\\\/voyance-par-telephone\\\/commentaires-facebook\\\/#primaryimage\",\"url\":\"http:\\\/\\\/www.annevoyance.com\\\/voyance-par-telephone\\\/wp-content\\\/uploads\\\/2015\\\/04\\\/message-julie-facebook.jpg\",\"contentUrl\":\"http:\\\/\\\/www.annevoyance.com\\\/voyance-par-telephone\\\/wp-content\\\/uploads\\\/2015\\\/04\\\/message-julie-facebook.jpg\",\"width\":527,\"height\":471},{\"@type\":\"BreadcrumbList\",\"@id\":\"https:\\\/\\\/www.annevoyance.com\\\/voyance-par-telephone\\\/commentaires-facebook\\\/#breadcrumb\",\"itemListElement\":[{\"@type\":\"ListItem\",\"position\":1,\"name\":\"Accueil\",\"item\":\"http:\\\/\\\/www.annevoyance.com\\\/voyance-par-telephone\\\/\"},{\"@type\":\"ListItem\",\"position\":2,\"name\":\"Commentaires Facebook\"}]},{\"@type\":\"WebSite\",\"@id\":\"http:\\\/\\\/www.annevoyance.com\\\/voyance-par-telephone\\\/#website\",\"url\":\"http:\\\/\\\/www.annevoyance.com\\\/voyance-par-telephone\\\/\",\"name\":\"Voyance par T\u00e9l\u00e9phone \u00c9poustouflante - Anne Voyance Officiel\",\"description\":\"T\u00e9moignages de clients en vid\u00e9os bluffants, avis Facebook authentiques, Consultez Anne Voyance par t\u00e9l\u00e9phone, elle vous d\u00e9voilera R\u00c9ELLEMENT votre avenir.\",\"potentialAction\":[{\"@type\":\"SearchAction\",\"target\":{\"@type\":\"EntryPoint\",\"urlTemplate\":\"http:\\\/\\\/www.annevoyance.com\\\/voyance-par-telephone\\\/?s={search_term_string}\"},\"query-input\":{\"@type\":\"PropertyValueSpecification\",\"valueRequired\":true,\"valueName\":\"search_term_string\"}}],\"inLanguage\":\"fr-FR\"}]}<\/script>\n<!-- \/ Yoast SEO plugin. -->","yoast_head_json":{"title":"Commentaires Facebook - Voyance par T\u00e9l\u00e9phone \u00c9poustouflante - Anne Voyance Officiel","description":"D\u00e9couvrez les avis de clients sur la page Facebook de Anne Voyance. Not\u00e9e 5* sur Google et les Pages Jaunes, Anne vous d\u00e9voile votre Avenir Maintenant.","robots":{"index":"index","follow":"follow","max-snippet":"max-snippet:-1","max-image-preview":"max-image-preview:large","max-video-preview":"max-video-preview:-1"},"canonical":"https:\/\/www.annevoyance.com\/voyance-par-telephone\/commentaires-facebook\/","og_locale":"fr_FR","og_type":"article","og_title":"Commentaires Facebook - Voyance par T\u00e9l\u00e9phone \u00c9poustouflante - Anne Voyance Officiel","og_description":"D\u00e9couvrez les avis de clients sur la page Facebook de Anne Voyance. Not\u00e9e 5* sur Google et les Pages Jaunes, Anne vous d\u00e9voile votre Avenir Maintenant.","og_url":"https:\/\/www.annevoyance.com\/voyance-par-telephone\/commentaires-facebook\/","og_site_name":"Voyance par T\u00e9l\u00e9phone \u00c9poustouflante - Anne Voyance Officiel","article_publisher":"https:\/\/www.facebook.com\/AnneVoyante","article_modified_time":"2015-12-28T19:00:05+00:00","og_image":[{"url":"http:\/\/www.annevoyance.com\/voyance-par-telephone\/wp-content\/uploads\/2015\/04\/message-julie-facebook.jpg","type":"","width":"","height":""}],"schema":{"@context":"https:\/\/schema.org","@graph":[{"@type":"WebPage","@id":"https:\/\/www.annevoyance.com\/voyance-par-telephone\/commentaires-facebook\/","url":"https:\/\/www.annevoyance.com\/voyance-par-telephone\/commentaires-facebook\/","name":"Commentaires Facebook - Voyance par T\u00e9l\u00e9phone \u00c9poustouflante - Anne Voyance Officiel","isPartOf":{"@id":"http:\/\/www.annevoyance.com\/voyance-par-telephone\/#website"},"primaryImageOfPage":{"@id":"https:\/\/www.annevoyance.com\/voyance-par-telephone\/commentaires-facebook\/#primaryimage"},"image":{"@id":"https:\/\/www.annevoyance.com\/voyance-par-telephone\/commentaires-facebook\/#primaryimage"},"thumbnailUrl":"http:\/\/www.annevoyance.com\/voyance-par-telephone\/wp-content\/uploads\/2015\/04\/message-julie-facebook.jpg","datePublished":"2014-01-09T21:57:45+00:00","dateModified":"2015-12-28T19:00:05+00:00","description":"D\u00e9couvrez les avis de clients sur la page Facebook de Anne Voyance. Not\u00e9e 5* sur Google et les Pages Jaunes, Anne vous d\u00e9voile votre Avenir Maintenant.","breadcrumb":{"@id":"https:\/\/www.annevoyance.com\/voyance-par-telephone\/commentaires-facebook\/#breadcrumb"},"inLanguage":"fr-FR","potentialAction":[{"@type":"ReadAction","target":["https:\/\/www.annevoyance.com\/voyance-par-telephone\/commentaires-facebook\/"]}]},{"@type":"ImageObject","inLanguage":"fr-FR","@id":"https:\/\/www.annevoyance.com\/voyance-par-telephone\/commentaires-facebook\/#primaryimage","url":"http:\/\/www.annevoyance.com\/voyance-par-telephone\/wp-content\/uploads\/2015\/04\/message-julie-facebook.jpg","contentUrl":"http:\/\/www.annevoyance.com\/voyance-par-telephone\/wp-content\/uploads\/2015\/04\/message-julie-facebook.jpg","width":527,"height":471},{"@type":"BreadcrumbList","@id":"https:\/\/www.annevoyance.com\/voyance-par-telephone\/commentaires-facebook\/#breadcrumb","itemListElement":[{"@type":"ListItem","position":1,"name":"Accueil","item":"http:\/\/www.annevoyance.com\/voyance-par-telephone\/"},{"@type":"ListItem","position":2,"name":"Commentaires Facebook"}]},{"@type":"WebSite","@id":"http:\/\/www.annevoyance.com\/voyance-par-telephone\/#website","url":"http:\/\/www.annevoyance.com\/voyance-par-telephone\/","name":"Voyance par T\u00e9l\u00e9phone \u00c9poustouflante - Anne Voyance Officiel","description":"T\u00e9moignages de clients en vid\u00e9os bluffants, avis Facebook authentiques, Consultez Anne Voyance par t\u00e9l\u00e9phone, elle vous d\u00e9voilera R\u00c9ELLEMENT votre avenir.","potentialAction":[{"@type":"SearchAction","target":{"@type":"EntryPoint","urlTemplate":"http:\/\/www.annevoyance.com\/voyance-par-telephone\/?s={search_term_string}"},"query-input":{"@type":"PropertyValueSpecification","valueRequired":true,"valueName":"search_term_string"}}],"inLanguage":"fr-FR"}]}},"_links":{"self":[{"href":"http:\/\/www.annevoyance.com\/voyance-par-telephone\/wp-json\/wp\/v2\/pages\/102","targetHints":{"allow":["GET"]}}],"collection":[{"href":"http:\/\/www.annevoyance.com\/voyance-par-telephone\/wp-json\/wp\/v2\/pages"}],"about":[{"href":"http:\/\/www.annevoyance.com\/voyance-par-telephone\/wp-json\/wp\/v2\/types\/page"}],"author":[{"embeddable":true,"href":"http:\/\/www.annevoyance.com\/voyance-par-telephone\/wp-json\/wp\/v2\/users\/1"}],"replies":[{"embeddable":true,"href":"http:\/\/www.annevoyance.com\/voyance-par-telephone\/wp-json\/wp\/v2\/comments?post=102"}],"version-history":[{"count":0,"href":"http:\/\/www.annevoyance.com\/voyance-par-telephone\/wp-json\/wp\/v2\/pages\/102\/revisions"}],"wp:attachment":[{"href":"http:\/\/www.annevoyance.com\/voyance-par-telephone\/wp-json\/wp\/v2\/media?parent=102"}],"curies":[{"name":"wp","href":"https:\/\/api.w.org\/{rel}","templated":true}]}}